{"id":330,"date":"2025-02-16T18:34:19","date_gmt":"2025-02-16T17:34:19","guid":{"rendered":"https:\/\/liquid-salt.com\/?post_type=product&#038;p=330"},"modified":"2025-03-05T17:01:09","modified_gmt":"2025-03-05T16:01:09","slug":"flacone-vetro-viola-100g-al-tartufo","status":"publish","type":"product","link":"https:\/\/liquid-salt.com\/fr\/product\/flacone-vetro-viola-100g-al-tartufo\/","title":{"rendered":"Bouteille en verre violet 100g avec truffe"},"content":{"rendered":"<p class=\"p1\">Pour les amateurs de go\u00fbt raffin\u00e9, le Sel Liquide \u00e0 la Truffe en bouteille en verre violet de 100 g associe la r\u00e9duction de sodium \u00e0 une explosion de saveur unique. L&#039;association de la fra\u00eecheur du sel liquide extrait de la mer Tyrrh\u00e9nienne et du parfum intense de la truffe fait de cet assaisonnement la touche id\u00e9ale pour \u00e9lever vos recettes \u00e0 un niveau gastronomique. Saupoudrez-le sur des viandes, des \u0153ufs, des risottos ou des plats de p\u00e2tes pour une exp\u00e9rience sensorielle inoubliable.<\/p>\n<p class=\"p1\">La bouteille en verre violet n&#039;est pas seulement un plaisir esth\u00e9tique, mais aide \u00e9galement \u00e0 prot\u00e9ger le contenu de la lumi\u00e8re, pr\u00e9servant ainsi mieux ses caract\u00e9ristiques. Chaque goutte incarne la philosophie de Liquid Salt : moins de sodium, aucun additif et une forte concentration sur la durabilit\u00e9. Si vous recherchez un alli\u00e9 en cuisine alliant originalit\u00e9, bien-\u00eatre et saveur, cette version saveur truffe est le choix parfait. Id\u00e9al \u00e9galement comme cadeau pour ceux qui appr\u00e9cient la bonne cuisine et les saveurs raffin\u00e9es.<\/p>","protected":false},"excerpt":{"rendered":"<p class=\"p1\">Sel liquide aromatis\u00e9 \u00e0 la truffe, en bouteille en verre violet de 100g. Il associe la r\u00e9duction de sodium au parfum intense de la truffe, pour enrichir la saveur de vos plats gourmands. Excellent sur les viandes, les \u0153ufs, les risottos et les plats raffin\u00e9s.<\/p>\n<p class=\"p4\">\u2022 Saveur pr\u00e9cieuse de truffe, saveur intense<\/p>\n<p class=\"p4\">\u2022Faible teneur en sodium, id\u00e9al pour une cuisine saine<\/p>\n<p class=\"p4\">\u2022 \u00c9l\u00e9gante bouteille en verre violet, parfaite pour la table<\/p>","protected":false},"featured_media":572,"template":"","meta":[],"product_brand":[],"product_cat":[16],"product_tag":[],"class_list":{"0":"post-330","1":"product","2":"type-product","3":"status-publish","4":"has-post-thumbnail","6":"product_cat-uncategorized","8":"first","9":"instock","10":"shipping-taxable","11":"purchasable","12":"product-type-simple"},"_links":{"self":[{"href":"https:\/\/liquid-salt.com\/fr\/wp-json\/wp\/v2\/product\/330","targetHints":{"allow":["GET"]}}],"collection":[{"href":"https:\/\/liquid-salt.com\/fr\/wp-json\/wp\/v2\/product"}],"about":[{"href":"https:\/\/liquid-salt.com\/fr\/wp-json\/wp\/v2\/types\/product"}],"wp:featuredmedia":[{"embeddable":true,"href":"https:\/\/liquid-salt.com\/fr\/wp-json\/wp\/v2\/media\/572"}],"wp:attachment":[{"href":"https:\/\/liquid-salt.com\/fr\/wp-json\/wp\/v2\/media?parent=330"}],"wp:term":[{"taxonomy":"product_brand","embeddable":true,"href":"https:\/\/liquid-salt.com\/fr\/wp-json\/wp\/v2\/product_brand?post=330"},{"taxonomy":"product_cat","embeddable":true,"href":"https:\/\/liquid-salt.com\/fr\/wp-json\/wp\/v2\/product_cat?post=330"},{"taxonomy":"product_tag","embeddable":true,"href":"https:\/\/liquid-salt.com\/fr\/wp-json\/wp\/v2\/product_tag?post=330"}],"curies":[{"name":"wp","href":"https:\/\/api.w.org\/{rel}","templated":true}]}}