{"id":315,"date":"2025-02-16T16:22:04","date_gmt":"2025-02-16T16:22:04","guid":{"rendered":"https:\/\/liquid-salt.com\/?post_type=product&#038;p=315"},"modified":"2025-05-20T08:11:40","modified_gmt":"2025-05-20T07:11:40","slug":"liquid-salt-vetro-100-ml","status":"publish","type":"product","link":"https:\/\/liquid-salt.com\/fr\/product\/liquid-salt-vetro-100-ml\/","title":{"rendered":"Bouteille en verre satin\u00e9 de 100 g, s\u00e9rie Sports (spray)"},"content":{"rendered":"<p class=\"p1\">Pour ceux qui recherchent un \u00e9quilibre entre fonctionnalit\u00e9 et design, le flacon en verre d\u00e9poli de 100 g avec vaporisateur est le choix id\u00e9al. Le sel liquide, \u00e0 faible teneur en sodium, est pr\u00e9sent\u00e9 dans un r\u00e9cipient \u00e9l\u00e9gant qui s&#039;adapte parfaitement \u00e0 la table et ajoute une touche de style \u00e0 votre cuisine. Gr\u00e2ce au spray pratique, vous pouvez dire adieu aux dosages impr\u00e9cis et aux classiques exc\u00e8s de sel : chaque pulv\u00e9risation r\u00e9partit uniform\u00e9ment la bonne quantit\u00e9 de produit, pr\u00e9servant ainsi la vraie saveur de la mer.<\/p>\n<p class=\"p1\">Fabriqu\u00e9 gr\u00e2ce \u00e0 un processus de filtration et de concentration de l&#039;eau de la mer Tyrrh\u00e9nienne, le sel liquide conserve intacts les principaux oligo-\u00e9l\u00e9ments marins, offrant une excellente alternative pour ceux qui souhaitent r\u00e9duire le sodium dans leur alimentation. La s\u00e9rie sportive s&#039;adresse \u00e0 ceux qui souhaitent un condiment de qualit\u00e9, sans additifs chimiques ni microplastiques. La bouteille en verre d\u00e9poli assure \u00e9galement une conservation optimale du produit et une esth\u00e9tique raffin\u00e9e, id\u00e9ale \u00e0 apporter \u00e0 table pour impressionner vos convives ou \u00e0 offrir en cadeau aux amoureux d&#039;un mode de vie sain.<\/p>","protected":false},"excerpt":{"rendered":"<p class=\"p1\">Sel liquide dans une bouteille en verre d\u00e9poli de 100 g, avec un distributeur pulv\u00e9risateur pratique. Un format \u00e9l\u00e9gant et compact, id\u00e9al pour la table ou pour ajouter une touche de style dans la cuisine. R\u00e9duit l\u2019apport en sodium sans sacrifier la saveur.<\/p>\n<p class=\"p4\">\u2022Design raffin\u00e9 en verre d\u00e9poli<\/p>\n<p class=\"p4\">\u2022N\u00e9bulisation d\u00e9licate et homog\u00e8ne<\/p>\n<p class=\"p4\">\u2022Moins de sodium, m\u00eame go\u00fbt que le sel traditionnel<\/p>","protected":false},"featured_media":569,"template":"","meta":[],"product_brand":[],"product_cat":[16],"product_tag":[],"class_list":{"0":"post-315","1":"product","2":"type-product","3":"status-publish","4":"has-post-thumbnail","6":"product_cat-uncategorized","8":"first","9":"instock","10":"shipping-taxable","11":"purchasable","12":"product-type-simple"},"_links":{"self":[{"href":"https:\/\/liquid-salt.com\/fr\/wp-json\/wp\/v2\/product\/315","targetHints":{"allow":["GET"]}}],"collection":[{"href":"https:\/\/liquid-salt.com\/fr\/wp-json\/wp\/v2\/product"}],"about":[{"href":"https:\/\/liquid-salt.com\/fr\/wp-json\/wp\/v2\/types\/product"}],"wp:featuredmedia":[{"embeddable":true,"href":"https:\/\/liquid-salt.com\/fr\/wp-json\/wp\/v2\/media\/569"}],"wp:attachment":[{"href":"https:\/\/liquid-salt.com\/fr\/wp-json\/wp\/v2\/media?parent=315"}],"wp:term":[{"taxonomy":"product_brand","embeddable":true,"href":"https:\/\/liquid-salt.com\/fr\/wp-json\/wp\/v2\/product_brand?post=315"},{"taxonomy":"product_cat","embeddable":true,"href":"https:\/\/liquid-salt.com\/fr\/wp-json\/wp\/v2\/product_cat?post=315"},{"taxonomy":"product_tag","embeddable":true,"href":"https:\/\/liquid-salt.com\/fr\/wp-json\/wp\/v2\/product_tag?post=315"}],"curies":[{"name":"wp","href":"https:\/\/api.w.org\/{rel}","templated":true}]}}