{"id":314,"date":"2025-02-16T16:21:41","date_gmt":"2025-02-16T16:21:41","guid":{"rendered":"https:\/\/liquid-salt.com\/?post_type=product&#038;p=314"},"modified":"2025-05-20T08:12:00","modified_gmt":"2025-05-20T07:12:00","slug":"liquid-salt-250-ml","status":"publish","type":"product","link":"https:\/\/liquid-salt.com\/fr\/product\/liquid-salt-250-ml\/","title":{"rendered":"Bouteille PE HD 250 g S\u00e9rie Sports (Spray)"},"content":{"rendered":"<p class=\"p1\">D\u00e9couvrez la commodit\u00e9 du sel liquide dans une bouteille en PE HD de 250 g avec vaporisateur, con\u00e7ue pour ceux qui souhaitent r\u00e9partir l&#039;assaisonnement uniform\u00e9ment et rapidement. Cette version \u00ab spray \u00bb permet de pulv\u00e9riser du sel liquide directement sur la vaisselle, assurant ainsi une excellente couverture et une r\u00e9duction significative du sodium par rapport au sel ordinaire. Les processus d&#039;extraction de la mer Tyrrh\u00e9nienne, r\u00e9alis\u00e9s de mani\u00e8re \u00e9co-durable, pr\u00e9servent les min\u00e9raux essentiels tels que le magn\u00e9sium et le potassium, contribuant \u00e0 une saveur naturelle et intense.<\/p>\n<p class=\"p1\">La s\u00e9rie sportive est con\u00e7ue pour r\u00e9pondre aux besoins de ceux qui suivent un mode de vie sain et actif, ou de ceux qui souhaitent simplement limiter l\u2019apport en sodium dans leur alimentation. La bouteille HD PE est robuste et l\u00e9g\u00e8re, \u00e9galement id\u00e9ale pour les voyages. Parfait pour assaisonner instantan\u00e9ment les salades, les grillades ou les collations rapides, le spray au sel liquide ajoute une touche de salinit\u00e9 sans les risques associ\u00e9s \u00e0 l&#039;exc\u00e8s de sel. Ajoutez-le \u00e0 votre routine quotidienne et profitez de la diff\u00e9rence d&#039;un produit unique et polyvalent.<\/p>","protected":false},"excerpt":{"rendered":"<p class=\"p1\">Sel liquide en emballage PE HD de 250 g \u00e9quip\u00e9 d&#039;un pulv\u00e9risateur n\u00e9buliseur. Parfait pour ceux qui souhaitent r\u00e9partir le sel uniform\u00e9ment sur les plats. Faible impact en sodium, adapt\u00e9 aux r\u00e9gimes pauvres en sodium ou \u00e0 ceux qui aiment une alimentation \u00e9quilibr\u00e9e.<\/p>\n<p class=\"p1\">\u2022 Distributeur par pulv\u00e9risation pour une distribution uniforme<\/p>\n<p class=\"p1\">\u2022Extrait de la mer Tyrrh\u00e9nienne avec des proc\u00e9d\u00e9s respectueux de l&#039;environnement<\/p>\n<p class=\"p1\">\u2022Consistance liquide, sans grumeaux ni exc\u00e8s de sel<\/p>","protected":false},"featured_media":570,"template":"","meta":[],"product_brand":[],"product_cat":[16],"product_tag":[],"class_list":{"0":"post-314","1":"product","2":"type-product","3":"status-publish","4":"has-post-thumbnail","6":"product_cat-uncategorized","8":"first","9":"instock","10":"shipping-taxable","11":"purchasable","12":"product-type-simple"},"_links":{"self":[{"href":"https:\/\/liquid-salt.com\/fr\/wp-json\/wp\/v2\/product\/314","targetHints":{"allow":["GET"]}}],"collection":[{"href":"https:\/\/liquid-salt.com\/fr\/wp-json\/wp\/v2\/product"}],"about":[{"href":"https:\/\/liquid-salt.com\/fr\/wp-json\/wp\/v2\/types\/product"}],"wp:featuredmedia":[{"embeddable":true,"href":"https:\/\/liquid-salt.com\/fr\/wp-json\/wp\/v2\/media\/570"}],"wp:attachment":[{"href":"https:\/\/liquid-salt.com\/fr\/wp-json\/wp\/v2\/media?parent=314"}],"wp:term":[{"taxonomy":"product_brand","embeddable":true,"href":"https:\/\/liquid-salt.com\/fr\/wp-json\/wp\/v2\/product_brand?post=314"},{"taxonomy":"product_cat","embeddable":true,"href":"https:\/\/liquid-salt.com\/fr\/wp-json\/wp\/v2\/product_cat?post=314"},{"taxonomy":"product_tag","embeddable":true,"href":"https:\/\/liquid-salt.com\/fr\/wp-json\/wp\/v2\/product_tag?post=314"}],"curies":[{"name":"wp","href":"https:\/\/api.w.org\/{rel}","templated":true}]}}