{"id":279,"date":"2025-02-16T15:45:42","date_gmt":"2025-02-16T15:45:42","guid":{"rendered":"https:\/\/liquid-salt.com\/?post_type=product&#038;p=279"},"modified":"2025-05-20T08:11:30","modified_gmt":"2025-05-20T07:11:30","slug":"liquid-salt-450-ml","status":"publish","type":"product","link":"https:\/\/liquid-salt.com\/fr\/product\/liquid-salt-450-ml\/","title":{"rendered":"Bouteille PE HD 450 g S\u00e9rie Sports (gouttes)"},"content":{"rendered":"<p class=\"p1\">Le sel liquide en bouteille HD PE de 450 g avec compte-gouttes offre une solution pratique et s\u00fbre pour ceux qui souhaitent r\u00e9duire leur consommation de sodium, sans renoncer au go\u00fbt authentique du sel de mer. Gr\u00e2ce \u00e0 sa forme liquide, vous pourrez doser chaque goutte avec une extr\u00eame pr\u00e9cision et dire adieu aux grumeaux ou d\u00e9chets typiques du sel cristallin. Chaque bouteille contient une concentration sp\u00e9ciale d&#039;eau de la mer Tyrrh\u00e9nienne, filtr\u00e9e et \u00e9co-extraite, qui pr\u00e9serve les pr\u00e9cieux oligo-\u00e9l\u00e9ments naturels et \u00e9limine les impuret\u00e9s.<\/p>\n<p class=\"p1\">La s\u00e9rie sportive est con\u00e7ue pour les amateurs d&#039;une alimentation \u00e9quilibr\u00e9e, id\u00e9ale pour accompagner ceux qui pratiquent une activit\u00e9 physique ou tentent de maintenir leur tension art\u00e9rielle sous contr\u00f4le. Il est particuli\u00e8rement adapt\u00e9 \u00e0 un usage quotidien en cuisine, de la pr\u00e9paration de plats simples aux recettes plus \u00e9labor\u00e9es. Le r\u00e9cipient en PE HD est l\u00e9ger, incassable et facile \u00e0 manipuler, vous permettant de stocker le produit de mani\u00e8re hygi\u00e9nique et pratique. Si vous recherchez une alternative valable au sel traditionnel, avec Liquid Salt vous pourrez parfumer vos plats en obtenant jusqu&#039;\u00e0 75% de sodium en moins : un petit geste qui peut apporter de grands bienfaits \u00e0 votre style de vie.<\/p>","protected":false},"excerpt":{"rendered":"<p class=\"p1\">Sel liquide en bouteille PE HD de 450 g avec compte-gouttes. Id\u00e9al pour une utilisation fr\u00e9quente en cuisine, il permet de contr\u00f4ler pr\u00e9cis\u00e9ment la quantit\u00e9 de sel. Faible en sodium, riche en oligo-\u00e9l\u00e9ments marins et sans microplastiques.<\/p>\n<p class=\"p1\">\u2022Dosage par gouttes, facile \u00e0 contr\u00f4ler<\/p>\n<p class=\"p1\">\u2022Jusqu&#039;\u00e0 75% moins de sodium que le sel ordinaire<\/p>\n<p class=\"p1\">\u2022Parfait pour assaisonner les plats du quotidien avec une touche de bien-\u00eatre<\/p>","protected":false},"featured_media":571,"template":"","meta":[],"product_brand":[],"product_cat":[16],"product_tag":[],"class_list":{"0":"post-279","1":"product","2":"type-product","3":"status-publish","4":"has-post-thumbnail","6":"product_cat-uncategorized","8":"first","9":"instock","10":"shipping-taxable","11":"purchasable","12":"product-type-simple"},"_links":{"self":[{"href":"https:\/\/liquid-salt.com\/fr\/wp-json\/wp\/v2\/product\/279","targetHints":{"allow":["GET"]}}],"collection":[{"href":"https:\/\/liquid-salt.com\/fr\/wp-json\/wp\/v2\/product"}],"about":[{"href":"https:\/\/liquid-salt.com\/fr\/wp-json\/wp\/v2\/types\/product"}],"wp:featuredmedia":[{"embeddable":true,"href":"https:\/\/liquid-salt.com\/fr\/wp-json\/wp\/v2\/media\/571"}],"wp:attachment":[{"href":"https:\/\/liquid-salt.com\/fr\/wp-json\/wp\/v2\/media?parent=279"}],"wp:term":[{"taxonomy":"product_brand","embeddable":true,"href":"https:\/\/liquid-salt.com\/fr\/wp-json\/wp\/v2\/product_brand?post=279"},{"taxonomy":"product_cat","embeddable":true,"href":"https:\/\/liquid-salt.com\/fr\/wp-json\/wp\/v2\/product_cat?post=279"},{"taxonomy":"product_tag","embeddable":true,"href":"https:\/\/liquid-salt.com\/fr\/wp-json\/wp\/v2\/product_tag?post=279"}],"curies":[{"name":"wp","href":"https:\/\/api.w.org\/{rel}","templated":true}]}}