{"id":801,"date":"2025-05-15T06:05:41","date_gmt":"2025-05-15T05:05:41","guid":{"rendered":"https:\/\/liquid-salt.com\/?page_id=801"},"modified":"2025-05-20T08:08:39","modified_gmt":"2025-05-20T07:08:39","slug":"termini-e-condizioni","status":"publish","type":"page","link":"https:\/\/liquid-salt.com\/fr\/termini-e-condizioni\/","title":{"rendered":"Termes et conditions"},"content":{"rendered":"<div data-elementor-type=\"wp-page\" data-elementor-id=\"801\" class=\"elementor elementor-801\">\n\t\t\t\t<div class=\"elementor-element elementor-element-nm1mnetq twbb_section e-flex e-con-boxed e-con e-parent\" data-id=\"nm1mnetq\" data-element_type=\"container\">\n\t\t\t\t\t<div class=\"e-con-inner\">\n\t\t\t\t<div class=\"elementor-element elementor-element-jmyvpvsc elementor-widget__width-initial elementor-widget-mobile__width-inherit elementor-widget-tablet__width-initial elementor-invisible elementor-widget elementor-widget-heading\" data-id=\"jmyvpvsc\" data-element_type=\"widget\" data-settings=\"{&quot;_animation&quot;:&quot;fadeInUp&quot;}\" data-widget_type=\"heading.default\">\n\t\t\t\t<div class=\"elementor-widget-container\">\n\t\t\t\t\t<h1 class=\"elementor-heading-title elementor-size-default\">Termes et conditions<\/h1>\t\t\t\t<\/div>\n\t\t\t\t<\/div>\n\t\t\t\t\t<\/div>\n\t\t\t\t<\/div>\n\t\t<div class=\"elementor-element elementor-element-stmqa1gz twbb_section e-flex e-con-boxed e-con e-parent\" data-id=\"stmqa1gz\" data-element_type=\"container\">\n\t\t\t\t\t<div class=\"e-con-inner\">\n\t\t\t\t<div class=\"elementor-element elementor-element-ak3rn1c5 elementor-widget__width-initial elementor-widget-mobile__width-inherit elementor-widget-tablet__width-initial elementor-invisible elementor-widget elementor-widget-text-editor\" data-id=\"ak3rn1c5\" data-element_type=\"widget\" data-settings=\"{&quot;_animation&quot;:&quot;fadeInUp&quot;}\" data-widget_type=\"text-editor.default\">\n\t\t\t\t<div class=\"elementor-widget-container\">\n\t\t\t\t\t\t\t\t\t<p data-pm-slice=\"1 1 []\"><strong>1. Informations g\u00e9n\u00e9rales<\/strong><br \/>Vendeur : Liquid Salt<br \/>UID\u00a0: CHE-416.565.592<br \/>Murtenstrasse 14, 3177 Laupen, Berne, Suisse<br \/>E-mail: <a>info@liquid-salt.com<\/a><\/p><p><strong>2. Produits propos\u00e9s<\/strong><br \/>Le produit vendu est un sel liquide \u00e0 pulv\u00e9riser sur les aliments, vendu en ligne via le site <a>www.liquid-salt.com<\/a><\/p><p><strong>3. Prix et paiements<\/strong><br \/>Tous les prix sont en CHF ou EUR, taxes incluses. Les modes de paiement suivants sont accept\u00e9s :<\/p><ul data-spread=\"false\"><li><p>Stripe (cartes de cr\u00e9dit)<\/p><\/li><li><p>PayPal<\/p><\/li><\/ul><p><strong>4. Exp\u00e9dition<\/strong><br \/>Exp\u00e9ditions effectu\u00e9es vers la Suisse et l&#039;UE. Les d\u00e9lais et les frais de livraison sont d\u00e9termin\u00e9s par poste.ch. \u00c0 titre indicatif :<\/p><ul data-spread=\"false\"><li><p>Suisse : 2 \u00e0 4 jours ouvrables<\/p><\/li><li><p>UE : 4 \u00e0 7 jours ouvrables<\/p><\/li><\/ul><p><strong>5. Droit de r\u00e9tractation<\/strong><br \/>Le client dispose d&#039;un droit de r\u00e9tractation dans un d\u00e9lai de 14 jours \u00e0 compter de la r\u00e9ception. Le produit doit \u00eatre intact et non utilis\u00e9. Les frais de retour sont \u00e0 la charge du client, sauf erreur du vendeur.<\/p><p><strong>6. Produits endommag\u00e9s ou perdus<\/strong><br \/>En cas de dommage ou de perte, le client peut demander :<\/p><ul data-spread=\"false\"><li><p>Une nouvelle exp\u00e9dition de produit<\/p><\/li><li><p>Remboursement int\u00e9gral<\/p><\/li><\/ul><p><strong>7. R\u00e9clamations et service client<\/strong><br \/>Pour toute demande ou r\u00e9clamation, vous pouvez contacter le service client par email : <a>info@liquid-salt.com<\/a><\/p><p><strong>8. Loi applicable et tribunal comp\u00e9tent<\/strong><br \/>Les pr\u00e9sentes conditions sont r\u00e9gies par le droit suisse. Le tribunal de Berne est comp\u00e9tent pour tout litige, sauf convention contraire \u00e9crite.<\/p><p><strong>9. Modifications des conditions<\/strong><br \/>Liquid Salt se r\u00e9serve le droit de modifier ces conditions. Les modifications seront valables \u00e0 compter de la date de publication sur le site.<\/p>\t\t\t\t\t\t\t\t<\/div>\n\t\t\t\t<\/div>\n\t\t\t\t\t<\/div>\n\t\t\t\t<\/div>\n\t\t\t\t<\/div>","protected":false},"excerpt":{"rendered":"<p>Termini e Condizioni 1. Informazioni generaliVenditore: Liquid SaltUID: CHE-416.565.592Murtenstrasse 14, 3177 Laupen, Bern, SwitzerlandEmail: info@liquid-salt.com 2. Prodotti offertiIl prodotto venduto \u00e8 un sale liquido da spruzzare su alimenti, venduto online tramite il sito www.liquid-salt.com 3. Prezzi e pagamentiTutti i prezzi sono espressi in CHF o EUR, tasse incluse. Sono accettati i seguenti metodi di pagamento: [&hellip;]<\/p>","protected":false},"author":2,"featured_media":0,"parent":0,"menu_order":0,"comment_status":"closed","ping_status":"closed","template":"","meta":{"two_page_speed":[],"footnotes":""},"class_list":["post-801","page","type-page","status-publish","hentry"],"_links":{"self":[{"href":"https:\/\/liquid-salt.com\/fr\/wp-json\/wp\/v2\/pages\/801","targetHints":{"allow":["GET"]}}],"collection":[{"href":"https:\/\/liquid-salt.com\/fr\/wp-json\/wp\/v2\/pages"}],"about":[{"href":"https:\/\/liquid-salt.com\/fr\/wp-json\/wp\/v2\/types\/page"}],"author":[{"embeddable":true,"href":"https:\/\/liquid-salt.com\/fr\/wp-json\/wp\/v2\/users\/2"}],"replies":[{"embeddable":true,"href":"https:\/\/liquid-salt.com\/fr\/wp-json\/wp\/v2\/comments?post=801"}],"version-history":[{"count":0,"href":"https:\/\/liquid-salt.com\/fr\/wp-json\/wp\/v2\/pages\/801\/revisions"}],"wp:attachment":[{"href":"https:\/\/liquid-salt.com\/fr\/wp-json\/wp\/v2\/media?parent=801"}],"curies":[{"name":"wp","href":"https:\/\/api.w.org\/{rel}","templated":true}]}}