{"id":795,"date":"2025-05-15T06:04:01","date_gmt":"2025-05-15T05:04:01","guid":{"rendered":"https:\/\/liquid-salt.com\/?page_id=795"},"modified":"2025-05-15T06:04:45","modified_gmt":"2025-05-15T05:04:45","slug":"cookie-policy","status":"publish","type":"page","link":"https:\/\/liquid-salt.com\/fr\/cookie-policy\/","title":{"rendered":"Politique relative aux cookies"},"content":{"rendered":"<div data-elementor-type=\"wp-page\" data-elementor-id=\"795\" class=\"elementor elementor-795\">\n\t\t\t\t<div class=\"elementor-element elementor-element-nm1mnetq twbb_section e-flex e-con-boxed e-con e-parent\" data-id=\"nm1mnetq\" data-element_type=\"container\">\n\t\t\t\t\t<div class=\"e-con-inner\">\n\t\t\t\t<div class=\"elementor-element elementor-element-jmyvpvsc elementor-widget__width-initial elementor-widget-mobile__width-inherit elementor-widget-tablet__width-initial elementor-invisible elementor-widget elementor-widget-heading\" data-id=\"jmyvpvsc\" data-element_type=\"widget\" data-settings=\"{&quot;_animation&quot;:&quot;fadeInUp&quot;}\" data-widget_type=\"heading.default\">\n\t\t\t\t<div class=\"elementor-widget-container\">\n\t\t\t\t\t<h1 class=\"elementor-heading-title elementor-size-default\">Politique relative aux cookies<\/h1>\t\t\t\t<\/div>\n\t\t\t\t<\/div>\n\t\t\t\t\t<\/div>\n\t\t\t\t<\/div>\n\t\t<div class=\"elementor-element elementor-element-stmqa1gz twbb_section e-flex e-con-boxed e-con e-parent\" data-id=\"stmqa1gz\" data-element_type=\"container\">\n\t\t\t\t\t<div class=\"e-con-inner\">\n\t\t\t\t<div class=\"elementor-element elementor-element-ak3rn1c5 elementor-widget__width-initial elementor-widget-mobile__width-inherit elementor-widget-tablet__width-initial elementor-invisible elementor-widget elementor-widget-text-editor\" data-id=\"ak3rn1c5\" data-element_type=\"widget\" data-settings=\"{&quot;_animation&quot;:&quot;fadeInUp&quot;}\" data-widget_type=\"text-editor.default\">\n\t\t\t\t<div class=\"elementor-widget-container\">\n\t\t\t\t\t\t\t\t\t<p data-pm-slice=\"1 1 []\"><strong>1. Que sont les cookies ?<\/strong><br \/>Les cookies sont de petits fichiers envoy\u00e9s au navigateur de l&#039;utilisateur par un site Web visit\u00e9, qui permettent au site de fonctionner ou d&#039;am\u00e9liorer les services propos\u00e9s.<\/p><p><strong>2. Types de cookies utilis\u00e9s<\/strong><\/p><ul data-spread=\"false\"><li><p><strong>Cookies techniques<\/strong>: indispensable \u00e0 la navigation (ex : panier, connexion, pr\u00e9f\u00e9rences linguistiques).<\/p><\/li><li><p><strong>Cookies analytiques<\/strong>: collecter des donn\u00e9es de mani\u00e8re anonyme pour analyser le comportement des utilisateurs (Google Analytics).<\/p><\/li><li><p><strong>Cookies de marketing\/profilage<\/strong>: utilis\u00e9 pour proposer du contenu et de la publicit\u00e9 personnalis\u00e9s (Meta Pixel).<\/p><\/li><\/ul><p><strong>3. Gestion du consentement<\/strong><br \/>Il n&#039;existe actuellement aucune plateforme de gestion du consentement (CMP), mais une banni\u00e8re d&#039;information est affich\u00e9e. En poursuivant votre navigation, vous acceptez les cookies.<\/p><p><strong>4. Comment d\u00e9sactiver les cookies<\/strong><br \/>Vous pouvez modifier les param\u00e8tres de votre navigateur pour bloquer ou supprimer les cookies. Consultez la section \u00ab Aide \u00bb du navigateur que vous utilisez.<\/p><p><strong>5. Cookies tiers<\/strong><br \/>Certains cookies sont install\u00e9s par des tiers :<\/p><ul data-spread=\"false\"><li><p>Google (Google Analytics) : <a>https:\/\/policies.google.com\/privacy<\/a><\/p><\/li><li><p>M\u00e9ta (Pixel Facebook) : <a>https:\/\/www.facebook.com\/policies\/cookies\/<\/a><\/p><\/li><\/ul><p><strong>6. Dur\u00e9e des cookies<\/strong><br \/>Les cookies peuvent \u00eatre :<\/p><ul data-spread=\"false\"><li><p><strong>De la session<\/strong>: ils sont supprim\u00e9s lorsque le navigateur est ferm\u00e9<\/p><\/li><li><p><strong>Persistant<\/strong>: restent enregistr\u00e9s m\u00eame apr\u00e8s la fermeture du navigateur (jusqu&#039;\u00e0 24 mois)<\/p><\/li><\/ul><p><strong>7. Mises \u00e0 jour<\/strong><br \/>Cette politique en mati\u00e8re de cookies peut \u00eatre mise \u00e0 jour. Tout changement sera publi\u00e9 sur cette page.<\/p>\t\t\t\t\t\t\t\t<\/div>\n\t\t\t\t<\/div>\n\t\t\t\t\t<\/div>\n\t\t\t\t<\/div>\n\t\t\t\t<\/div>","protected":false},"excerpt":{"rendered":"<p>Cookie Policy 1. Cosa sono i cookieI cookie sono piccoli file inviati al browser dell&#8217;utente da un sito web visitato, che permettono al sito di funzionare o di migliorare i servizi offerti. 2. Tipologie di cookie utilizzati Cookie tecnici: essenziali per la navigazione (es. carrello, login, preferenze lingua). Cookie analitici: raccolgono dati in forma anonima [&hellip;]<\/p>","protected":false},"author":2,"featured_media":0,"parent":0,"menu_order":0,"comment_status":"closed","ping_status":"closed","template":"","meta":{"two_page_speed":[],"footnotes":""},"class_list":["post-795","page","type-page","status-publish","hentry"],"_links":{"self":[{"href":"https:\/\/liquid-salt.com\/fr\/wp-json\/wp\/v2\/pages\/795","targetHints":{"allow":["GET"]}}],"collection":[{"href":"https:\/\/liquid-salt.com\/fr\/wp-json\/wp\/v2\/pages"}],"about":[{"href":"https:\/\/liquid-salt.com\/fr\/wp-json\/wp\/v2\/types\/page"}],"author":[{"embeddable":true,"href":"https:\/\/liquid-salt.com\/fr\/wp-json\/wp\/v2\/users\/2"}],"replies":[{"embeddable":true,"href":"https:\/\/liquid-salt.com\/fr\/wp-json\/wp\/v2\/comments?post=795"}],"version-history":[{"count":0,"href":"https:\/\/liquid-salt.com\/fr\/wp-json\/wp\/v2\/pages\/795\/revisions"}],"wp:attachment":[{"href":"https:\/\/liquid-salt.com\/fr\/wp-json\/wp\/v2\/media?parent=795"}],"curies":[{"name":"wp","href":"https:\/\/api.w.org\/{rel}","templated":true}]}}