{"id":270,"date":"2025-02-16T15:34:42","date_gmt":"2025-02-16T15:34:42","guid":{"rendered":"https:\/\/liquid-salt.com\/?page_id=270"},"modified":"2026-01-03T07:05:59","modified_gmt":"2026-01-03T06:05:59","slug":"chi-siamo","status":"publish","type":"page","link":"https:\/\/liquid-salt.com\/fr\/chi-siamo\/","title":{"rendered":"\u00c0 propos de nous"},"content":{"rendered":"<div data-elementor-type=\"wp-page\" data-elementor-id=\"270\" class=\"elementor elementor-270\">\n\t\t\t\t<div class=\"elementor-element elementor-element-268f27a4 twbb_section twbb_about_1_3_1 e-flex e-con-boxed e-con e-parent\" data-id=\"268f27a4\" data-element_type=\"container\" data-settings=\"{&quot;background_background&quot;:&quot;classic&quot;}\">\n\t\t\t\t\t<div class=\"e-con-inner\">\n\t\t<div class=\"elementor-element elementor-element-a1991f8 e-con-full e-flex e-con e-child\" data-id=\"a1991f8\" data-element_type=\"container\">\n\t\t\t\t<div class=\"elementor-element elementor-element-75efc38b elementor-widget__width-initial elementor-widget-mobile__width-inherit elementor-widget-tablet__width-initial elementor-invisible elementor-widget elementor-widget-heading\" data-id=\"75efc38b\" data-element_type=\"widget\" data-settings=\"{&quot;_animation&quot;:&quot;fadeInUp&quot;}\" data-widget_type=\"heading.default\">\n\t\t\t\t<div class=\"elementor-widget-container\">\n\t\t\t\t\t<h2 class=\"elementor-heading-title elementor-size-default\">L&#039;histoire<\/h2>\t\t\t\t<\/div>\n\t\t\t\t<\/div>\n\t\t\t\t<div class=\"elementor-element elementor-element-19864cdd elementor-widget__width-initial elementor-widget-mobile__width-inherit elementor-widget-tablet__width-initial elementor-invisible elementor-widget elementor-widget-text-editor\" data-id=\"19864cdd\" data-element_type=\"widget\" data-settings=\"{&quot;_animation&quot;:&quot;fadeInUp&quot;}\" data-widget_type=\"text-editor.default\">\n\t\t\t\t<div class=\"elementor-widget-container\">\n\t\t\t\t\t\t\t\t\t<p>Le projet Liquid Salt est n\u00e9 en 2018 d&#039;une intuition aussi simple que r\u00e9volutionnaire : cr\u00e9er un sel innovant et sain, capable de r\u00e9duire l&#039;exc\u00e8s de sodium en cuisine sans compromettre le go\u00fbt.<br \/>Paolo, un ancien entrepreneur \u00e0 l&#039;ambitieux projet initialement jug\u00e9 fou par tous, voulait redonner vie \u00e0 une ancienne station d&#039;\u00e9puration des eaux d\u00e9saffect\u00e9e. Convaincu du potentiel de ce projet, il se tourne vers un ing\u00e9nieur chimiste qu&#039;il conna\u00eet.<br \/>L&#039;usine a \u00e9t\u00e9 enti\u00e8rement reconstruite, et une profonde collaboration est n\u00e9e entre les deux, puis, au fil du temps, une amiti\u00e9.<\/p>\t\t\t\t\t\t\t\t<\/div>\n\t\t\t\t<\/div>\n\t\t\t\t<\/div>\n\t\t\t\t<div class=\"elementor-element elementor-element-mfx3ffu elementor-widget elementor-widget-video\" data-id=\"mfx3ffu\" data-element_type=\"widget\" data-settings=\"{&quot;video_type&quot;:&quot;hosted&quot;,&quot;autoplay&quot;:&quot;yes&quot;,&quot;play_on_mobile&quot;:&quot;yes&quot;,&quot;mute&quot;:&quot;yes&quot;,&quot;loop&quot;:&quot;yes&quot;}\" data-widget_type=\"video.default\">\n\t\t\t\t<div class=\"elementor-widget-container\">\n\t\t\t\t\t\t\t<div class=\"e-hosted-video elementor-wrapper elementor-open-inline\">\n\t\t\t\t\t<video class=\"elementor-video\" src=\"https:\/\/liquid-salt.com\/wp-content\/uploads\/2025\/02\/Standard_Mode_16x9_display_the_subject_on_the_sand_-1.mp4\" autoplay=\"\" loop=\"\" muted=\"muted\" playsinline=\"\" controlslist=\"nodownload\"><\/video>\n\t\t\t\t<\/div>\n\t\t\t\t\t\t<\/div>\n\t\t\t\t<\/div>\n\t\t\t\t\t<\/div>\n\t\t\t\t<\/div>\n\t\t<div class=\"elementor-element elementor-element-244882a9 twbb_section e-flex e-con-boxed e-con e-parent\" data-id=\"244882a9\" data-element_type=\"container\">\n\t\t\t\t\t<div class=\"e-con-inner\">\n\t\t\t\t<div class=\"elementor-element elementor-element-79a8eb5e elementor-widget__width-initial elementor-widget-mobile__width-inherit elementor-widget-tablet__width-initial elementor-invisible elementor-widget elementor-widget-text-editor\" data-id=\"79a8eb5e\" data-element_type=\"widget\" data-settings=\"{&quot;_animation&quot;:&quot;fadeInUp&quot;}\" data-widget_type=\"text-editor.default\">\n\t\t\t\t<div class=\"elementor-widget-container\">\n\t\t\t\t\t\t\t\t\t<p><strong>Liquid Salt est bien plus qu\u2019un produit :<\/strong><br \/>c&#039;est une vision qui allie sant\u00e9, go\u00fbt et respect de la mer.<br \/>C&#039;est une histoire de famille, d&#039;amiti\u00e9 et de courage.<br \/>C&#039;est un h\u00e9ritage transform\u00e9 en innovation.<\/p>\t\t\t\t\t\t\t\t<\/div>\n\t\t\t\t<\/div>\n\t\t\t\t\t<\/div>\n\t\t\t\t<\/div>\n\t\t<div class=\"elementor-element elementor-element-d2f6b0f twbb_section twbb_about_1_3_1 e-flex e-con-boxed e-con e-parent\" data-id=\"d2f6b0f\" data-element_type=\"container\" data-settings=\"{&quot;background_background&quot;:&quot;classic&quot;}\">\n\t\t\t\t\t<div class=\"e-con-inner\">\n\t\t<div class=\"elementor-element elementor-element-fedd1fa e-con-full e-flex e-con e-child\" data-id=\"fedd1fa\" data-element_type=\"container\">\n\t\t\t\t<div class=\"elementor-element elementor-element-82cb715 elementor-widget__width-initial elementor-widget-mobile__width-inherit elementor-widget-tablet__width-initial elementor-invisible elementor-widget elementor-widget-heading\" data-id=\"82cb715\" data-element_type=\"widget\" data-settings=\"{&quot;_animation&quot;:&quot;fadeInUp&quot;}\" data-widget_type=\"heading.default\">\n\t\t\t\t<div class=\"elementor-widget-container\">\n\t\t\t\t\t<h2 class=\"elementor-heading-title elementor-size-default\">Le d\u00e9part<\/h2>\t\t\t\t<\/div>\n\t\t\t\t<\/div>\n\t\t\t\t<div class=\"elementor-element elementor-element-d96d294 elementor-widget__width-initial elementor-widget-mobile__width-inherit elementor-widget-tablet__width-initial elementor-invisible elementor-widget elementor-widget-text-editor\" data-id=\"d96d294\" data-element_type=\"widget\" data-settings=\"{&quot;_animation&quot;:&quot;fadeInUp&quot;}\" data-widget_type=\"text-editor.default\">\n\t\t\t\t<div class=\"elementor-widget-container\">\n\t\t\t\t\t\t\t\t\t<p>Au cours des deux premi\u00e8res ann\u00e9es, il y a beaucoup de travail \u00e0 faire, comme dans toute entreprise et toute vision.<br \/>Paolo repense l&#039;usine pour produire le premier sel marin liquide\u00a0: un produit contenant 75\u00a0% de sodium en moins, pr\u00e9servant les oligo-\u00e9l\u00e9ments marins et exempt de microplastiques et d&#039;additifs. V\u00e9ritable innovation, sa forme liquide assure une r\u00e9partition homog\u00e8ne, ce qui le rend id\u00e9al pour un usage domestique et professionnel en restauration.<br \/>En 2020, le premier conteneur a \u00e9t\u00e9 exp\u00e9di\u00e9 \u00e0 l&#039;\u00e9tranger, marquant le d\u00e9but de son expansion internationale. D\u00e8s lors, le projet a pris de l&#039;ampleur\u00a0: des restaurants aux \u00c9tats-Unis ont commenc\u00e9 \u00e0 utiliser Liquid Salt comme produit personnalis\u00e9 sous leur propre marque, tandis que les premi\u00e8res demandes provenaient \u00e9galement d&#039;Arabie saoudite.<br \/>Aujourd&#039;hui, apr\u00e8s le d\u00e9c\u00e8s pr\u00e9matur\u00e9 de Paolo, le projet continue avec le m\u00eame esprit d&#039;innovation et de passion, port\u00e9 par sa fille Laura, qui vit en Suisse al\u00e9manique. En janvier 2025, exactement un an apr\u00e8s la perte de son p\u00e8re, Laura fonde officiellement<br \/>Sel liquide.<\/p>\t\t\t\t\t\t\t\t<\/div>\n\t\t\t\t<\/div>\n\t\t\t\t<\/div>\n\t\t<div class=\"elementor-element elementor-element-291c1e2 e-con-full e-flex e-con e-child\" data-id=\"291c1e2\" data-element_type=\"container\">\n\t\t\t\t<div class=\"elementor-element elementor-element-2948a66 elementor-widget elementor-widget-image\" data-id=\"2948a66\" data-element_type=\"widget\" data-widget_type=\"image.default\">\n\t\t\t\t<div class=\"elementor-widget-container\">\n\t\t\t\t\t\t\t\t\t\t\t\t\t\t\t<img fetchpriority=\"high\" decoding=\"async\" width=\"640\" height=\"640\" src=\"https:\/\/liquid-salt.com\/wp-content\/uploads\/2025\/11\/paolo-liquid.png\" class=\"attachment-large size-large wp-image-1237\" alt=\"\" srcset=\"https:\/\/liquid-salt.com\/wp-content\/uploads\/2025\/11\/paolo-liquid.png 1024w, https:\/\/liquid-salt.com\/wp-content\/uploads\/2025\/11\/paolo-liquid-300x300.png 300w, https:\/\/liquid-salt.com\/wp-content\/uploads\/2025\/11\/paolo-liquid-150x150.png 150w, https:\/\/liquid-salt.com\/wp-content\/uploads\/2025\/11\/paolo-liquid-768x768.png 768w, https:\/\/liquid-salt.com\/wp-content\/uploads\/2025\/11\/paolo-liquid-12x12.png 12w, https:\/\/liquid-salt.com\/wp-content\/uploads\/2025\/11\/paolo-liquid-600x600.png 600w, https:\/\/liquid-salt.com\/wp-content\/uploads\/2025\/11\/paolo-liquid-800x800.png 800w, https:\/\/liquid-salt.com\/wp-content\/uploads\/2025\/11\/paolo-liquid-100x100.png 100w\" sizes=\"(max-width: 640px) 100vw, 640px\" \/>\t\t\t\t\t\t\t\t\t\t\t\t\t\t\t<\/div>\n\t\t\t\t<\/div>\n\t\t\t\t<div class=\"elementor-element elementor-element-040246e elementor-widget elementor-widget-text-editor\" data-id=\"040246e\" data-element_type=\"widget\" data-widget_type=\"text-editor.default\">\n\t\t\t\t<div class=\"elementor-widget-container\">\n\t\t\t\t\t\t\t\t\t<p>Toscane, ao\u00fbt 2020 \u2013 Lancement de la premi\u00e8re commande internationale<\/p>\t\t\t\t\t\t\t\t<\/div>\n\t\t\t\t<\/div>\n\t\t\t\t<\/div>\n\t\t\t\t\t<\/div>\n\t\t\t\t<\/div>\n\t\t<div class=\"elementor-element elementor-element-3094395 twbb_section twbb_about_1_3_1 e-flex e-con-boxed e-con e-parent\" data-id=\"3094395\" data-element_type=\"container\" data-settings=\"{&quot;background_background&quot;:&quot;classic&quot;}\">\n\t\t\t\t\t<div class=\"e-con-inner\">\n\t\t<div class=\"elementor-element elementor-element-e7a201f e-con-full e-flex e-con e-child\" data-id=\"e7a201f\" data-element_type=\"container\">\n\t\t\t\t<div class=\"elementor-element elementor-element-dc53fc1 elementor-widget__width-initial elementor-widget-mobile__width-inherit elementor-widget-tablet__width-initial elementor-invisible elementor-widget elementor-widget-heading\" data-id=\"dc53fc1\" data-element_type=\"widget\" data-settings=\"{&quot;_animation&quot;:&quot;fadeInUp&quot;}\" data-widget_type=\"heading.default\">\n\t\t\t\t<div class=\"elementor-widget-container\">\n\t\t\t\t\t<h2 class=\"elementor-heading-title elementor-size-default\">Un nouveau d\u00e9part<\/h2>\t\t\t\t<\/div>\n\t\t\t\t<\/div>\n\t\t\t\t<div class=\"elementor-element elementor-element-daf4edc elementor-widget__width-initial elementor-widget-mobile__width-inherit elementor-widget-tablet__width-initial elementor-invisible elementor-widget elementor-widget-text-editor\" data-id=\"daf4edc\" data-element_type=\"widget\" data-settings=\"{&quot;_animation&quot;:&quot;fadeInUp&quot;}\" data-widget_type=\"text-editor.default\">\n\t\t\t\t<div class=\"elementor-widget-container\">\n\t\t\t\t\t\t\t\t\t<p>Laura h\u00e9rite de son p\u00e8re son \u00e2me d&#039;entrepreneuse : elle est dynamique, d\u00e9termin\u00e9e et profond\u00e9ment motiv\u00e9e \u00e0 tenir la promesse qu&#039;elle lui a faite lors de leur derni\u00e8re rencontre. Forte d&#039;une solide exp\u00e9rience manag\u00e9riale dans des centres de bien-\u00eatre dans des h\u00f4tels de luxe et en tant que Linguistique et Chef de Projet pour l&#039;italien dans une ONG internationale, elle dirige aujourd&#039;hui Liquid Salt avec un regard tourn\u00e9 vers l&#039;avenir, perp\u00e9tuant un h\u00e9ritage fait de valeurs, de vision, d&#039;innovation et de respect des racines de l&#039;entreprise.<\/p><p>Pendant des ann\u00e9es, mon p\u00e8re m&#039;a demand\u00e9 de fonder une entreprise et de partir de z\u00e9ro avec le projet de sel liquide, en \u00e9tudiant le march\u00e9 dans lequel je travaillais. Je suis honor\u00e9 de pouvoir continuer \u00e0 b\u00e2tir quelque chose de b\u00e9n\u00e9fique pour les gens et je rel\u00e8ve avec confiance le d\u00e9fi du nouveau march\u00e9 suisse et europ\u00e9en. Je suis convaincu qu&#039;il m&#039;a laiss\u00e9 le plus bel h\u00e9ritage qu&#039;un parent puisse laisser \u00e0 son enfant\u00a0: des visions et des r\u00eaves.<\/p>\t\t\t\t\t\t\t\t<\/div>\n\t\t\t\t<\/div>\n\t\t\t\t<\/div>\n\t\t<div class=\"elementor-element elementor-element-c0c5018 e-con-full e-flex e-con e-child\" data-id=\"c0c5018\" data-element_type=\"container\">\n\t\t\t\t<div class=\"elementor-element elementor-element-1e35060 elementor-widget elementor-widget-image\" data-id=\"1e35060\" data-element_type=\"widget\" data-widget_type=\"image.default\">\n\t\t\t\t<div class=\"elementor-widget-container\">\n\t\t\t\t\t\t\t\t\t\t\t\t\t\t\t<img decoding=\"async\" width=\"374\" height=\"500\" src=\"https:\/\/liquid-salt.com\/wp-content\/uploads\/2025\/05\/tedino.png\" class=\"attachment-full size-full wp-image-1001\" alt=\"\" srcset=\"https:\/\/liquid-salt.com\/wp-content\/uploads\/2025\/05\/tedino.png 374w, https:\/\/liquid-salt.com\/wp-content\/uploads\/2025\/05\/tedino-224x300.png 224w, https:\/\/liquid-salt.com\/wp-content\/uploads\/2025\/05\/tedino-9x12.png 9w\" sizes=\"(max-width: 374px) 100vw, 374px\" \/>\t\t\t\t\t\t\t\t\t\t\t\t\t\t\t<\/div>\n\t\t\t\t<\/div>\n\t\t\t\t<\/div>\n\t\t\t\t\t<\/div>\n\t\t\t\t<\/div>\n\t\t<div class=\"elementor-element elementor-element-80a0267 twbb_section e-flex e-con-boxed e-con e-parent\" data-id=\"80a0267\" data-element_type=\"container\">\n\t\t\t\t\t<div class=\"e-con-inner\">\n\t\t<div class=\"elementor-element elementor-element-12cab84 e-con-full e-flex e-con e-child\" data-id=\"12cab84\" data-element_type=\"container\">\n\t\t\t\t<div class=\"elementor-element elementor-element-6ef40e8 elementor-widget__width-initial elementor-widget-mobile__width-inherit elementor-widget-tablet__width-initial elementor-view-default elementor-position-top elementor-mobile-position-top elementor-widget elementor-widget-icon-box\" data-id=\"6ef40e8\" data-element_type=\"widget\" data-widget_type=\"icon-box.default\">\n\t\t\t\t<div class=\"elementor-widget-container\">\n\t\t\t\t\t\t\t<div class=\"elementor-icon-box-wrapper\">\n\n\t\t\t\t\t\t<div class=\"elementor-icon-box-icon\">\n\t\t\t\t<span  class=\"elementor-icon\">\n\t\t\t\t<svg aria-hidden=\"true\" class=\"e-font-icon-svg e-fas-heartbeat\" viewbox=\"0 0 512 512\" xmlns=\"http:\/\/www.w3.org\/2000\/svg\"><path d=\"M320.2 243.8l-49.7 99.4c-6 12.1-23.4 11.7-28.9-.6l-56.9-126.3-30 71.7H60.6l182.5 186.5c7.1 7.3 18.6 7.3 25.7 0L451.4 288H342.3l-22.1-44.2zM473.7 73.9l-2.4-2.5c-51.5-52.6-135.8-52.6-187.4 0L256 100l-27.9-28.5c-51.5-52.7-135.9-52.7-187.4 0l-2.4 2.4C-10.4 123.7-12.5 203 31 256h102.4l35.9-86.2c5.4-12.9 23.6-13.2 29.4-.4l58.2 129.3 49-97.9c5.9-11.8 22.7-11.8 28.6 0l27.6 55.2H481c43.5-53 41.4-132.3-7.3-182.1z\"><\/path><\/svg>\t\t\t\t<\/span>\n\t\t\t<\/div>\n\t\t\t\n\t\t\t\t\t\t<div class=\"elementor-icon-box-content\">\n\n\t\t\t\t\t\t\t\t\t<h4 class=\"elementor-icon-box-title\">\n\t\t\t\t\t\t<span  >\n\t\t\t\t\t\t\tSant\u00e9\t\t\t\t\t\t<\/span>\n\t\t\t\t\t<\/h4>\n\t\t\t\t\n\t\t\t\t\t\t\t\t\t<p class=\"elementor-icon-box-description\">\n\t\t\t\t\t\tNous promouvons une alimentation saine et \u00e9quilibr\u00e9e pour am\u00e9liorer le bien-\u00eatre g\u00e9n\u00e9ral.\t\t\t\t\t<\/p>\n\t\t\t\t\n\t\t\t<\/div>\n\t\t\t\n\t\t<\/div>\n\t\t\t\t\t\t<\/div>\n\t\t\t\t<\/div>\n\t\t\t\t<div class=\"elementor-element elementor-element-79abbe0 elementor-widget__width-initial elementor-widget-mobile__width-inherit elementor-widget-tablet__width-initial elementor-view-default elementor-position-top elementor-mobile-position-top elementor-widget elementor-widget-icon-box\" data-id=\"79abbe0\" data-element_type=\"widget\" data-widget_type=\"icon-box.default\">\n\t\t\t\t<div class=\"elementor-widget-container\">\n\t\t\t\t\t\t\t<div class=\"elementor-icon-box-wrapper\">\n\n\t\t\t\t\t\t<div class=\"elementor-icon-box-icon\">\n\t\t\t\t<span  class=\"elementor-icon\">\n\t\t\t\t<svg aria-hidden=\"true\" class=\"e-font-icon-svg e-fas-leaf\" viewbox=\"0 0 576 512\" xmlns=\"http:\/\/www.w3.org\/2000\/svg\"><path d=\"M546.2 9.7c-5.6-12.5-21.6-13-28.3-1.2C486.9 62.4 431.4 96 368 96h-80C182 96 96 182 96 288c0 7 .8 13.7 1.5 20.5C161.3 262.8 253.4 224 384 224c8.8 0 16 7.2 16 16s-7.2 16-16 16C132.6 256 26 410.1 2.4 468c-6.6 16.3 1.2 34.9 17.5 41.6 16.4 6.8 35-1.1 41.8-17.3 1.5-3.6 20.9-47.9 71.9-90.6 32.4 43.9 94 85.8 174.9 77.2C465.5 467.5 576 326.7 576 154.3c0-50.2-10.8-102.2-29.8-144.6z\"><\/path><\/svg>\t\t\t\t<\/span>\n\t\t\t<\/div>\n\t\t\t\n\t\t\t\t\t\t<div class=\"elementor-icon-box-content\">\n\n\t\t\t\t\t\t\t\t\t<h4 class=\"elementor-icon-box-title\">\n\t\t\t\t\t\t<span  >\n\t\t\t\t\t\t\tNature\t\t\t\t\t\t<\/span>\n\t\t\t\t\t<\/h4>\n\t\t\t\t\n\t\t\t\t\t\t\t\t\t<p class=\"elementor-icon-box-description\">\n\t\t\t\t\t\tNos processus respectent l&#039;environnement, en utilisant les ressources naturelles de mani\u00e8re durable.\t\t\t\t\t<\/p>\n\t\t\t\t\n\t\t\t<\/div>\n\t\t\t\n\t\t<\/div>\n\t\t\t\t\t\t<\/div>\n\t\t\t\t<\/div>\n\t\t\t\t<div class=\"elementor-element elementor-element-30417e4 elementor-widget__width-initial elementor-widget-mobile__width-inherit elementor-widget-tablet__width-initial elementor-view-default elementor-position-top elementor-mobile-position-top elementor-widget elementor-widget-icon-box\" data-id=\"30417e4\" data-element_type=\"widget\" data-widget_type=\"icon-box.default\">\n\t\t\t\t<div class=\"elementor-widget-container\">\n\t\t\t\t\t\t\t<div class=\"elementor-icon-box-wrapper\">\n\n\t\t\t\t\t\t<div class=\"elementor-icon-box-icon\">\n\t\t\t\t<span  class=\"elementor-icon\">\n\t\t\t\t<svg aria-hidden=\"true\" class=\"e-font-icon-svg e-fas-flask\" viewbox=\"0 0 448 512\" xmlns=\"http:\/\/www.w3.org\/2000\/svg\"><path d=\"M437.2 403.5L320 215V64h8c13.3 0 24-10.7 24-24V24c0-13.3-10.7-24-24-24H120c-13.3 0-24 10.7-24 24v16c0 13.3 10.7 24 24 24h8v151L10.8 403.5C-18.5 450.6 15.3 512 70.9 512h306.2c55.7 0 89.4-61.5 60.1-108.5zM137.9 320l48.2-77.6c3.7-5.2 5.8-11.6 5.8-18.4V64h64v160c0 6.9 2.2 13.2 5.8 18.4l48.2 77.6h-172z\"><\/path><\/svg>\t\t\t\t<\/span>\n\t\t\t<\/div>\n\t\t\t\n\t\t\t\t\t\t<div class=\"elementor-icon-box-content\">\n\n\t\t\t\t\t\t\t\t\t<h4 class=\"elementor-icon-box-title\">\n\t\t\t\t\t\t<span  >\n\t\t\t\t\t\t\tRecherche\t\t\t\t\t\t<\/span>\n\t\t\t\t\t<\/h4>\n\t\t\t\t\n\t\t\t\t\t\t\t\t\t<p class=\"elementor-icon-box-description\">\n\t\t\t\t\t\tNous investissons dans la recherche pour garantir des produits de haute qualit\u00e9 et innovants.\t\t\t\t\t<\/p>\n\t\t\t\t\n\t\t\t<\/div>\n\t\t\t\n\t\t<\/div>\n\t\t\t\t\t\t<\/div>\n\t\t\t\t<\/div>\n\t\t\t\t<\/div>\n\t\t\t\t\t<\/div>\n\t\t\t\t<\/div>\n\t\t<div class=\"elementor-element elementor-element-33805b3 twbb_section e-flex e-con-boxed e-con e-parent\" data-id=\"33805b3\" data-element_type=\"container\" data-settings=\"{&quot;background_background&quot;:&quot;classic&quot;,&quot;background_motion_fx_motion_fx_scrolling&quot;:&quot;yes&quot;,&quot;background_motion_fx_scale_effect&quot;:&quot;yes&quot;,&quot;background_motion_fx_scale_speed&quot;:{&quot;unit&quot;:&quot;px&quot;,&quot;size&quot;:7,&quot;sizes&quot;:[]},&quot;background_motion_fx_scale_direction&quot;:&quot;out-in&quot;,&quot;background_motion_fx_scale_range&quot;:{&quot;unit&quot;:&quot;%&quot;,&quot;size&quot;:&quot;&quot;,&quot;sizes&quot;:{&quot;start&quot;:20,&quot;end&quot;:80}},&quot;background_motion_fx_devices&quot;:[&quot;desktop&quot;,&quot;tablet&quot;,&quot;mobile&quot;]}\">\n\t\t\t\t\t<div class=\"e-con-inner\">\n\t\t\t\t<div class=\"elementor-element elementor-element-616cbb2 elementor-widget__width-initial elementor-widget-mobile__width-inherit elementor-widget-tablet__width-initial twbb_cta-button-wrapper-center twbb_cta-valign-align-top twbb_cta-button-wrapper-center twbb_cta-button-wrapper-center twbb_cta-position-button-bottom twbb_cta-tablet-position-button-bottom twbb_cta-mobile-position-button-bottom elementor-invisible elementor-widget elementor-widget-twbb_call-to-action\" data-id=\"616cbb2\" data-element_type=\"widget\" data-settings=\"{&quot;_animation&quot;:&quot;fadeInUp&quot;}\" data-widget_type=\"twbb_call-to-action.default\">\n\t\t\t\t<div class=\"elementor-widget-container\">\n\t\t\t\t\t    <div  class=\"twbb_cta-wrapper\">\n      <div class=\"twbb_cta-content-wrapper\">\n    <div class=\"twbb_cta-content-inner\">\n                <h1 class=\"twbb_cta-title\">R\u00e9volutionnez votre fa\u00e7on de saler<\/h1>\n                    <div class=\"twbb_cta-description\">Essayez le sel liquide dans vos recettes pr\u00e9f\u00e9r\u00e9es et d\u00e9couvrez le plaisir d&#039;un assaisonnement \u00e0 faible teneur en sodium, mais savoureux.<\/div>\n              <\/div>\n    <div class=\"twbb_cta-button-wrapper\">\n        <div class=\"twbb_cta-buttons\">\n              <div class=\"twbb_cta-button-item twbb_cta-button-item__one twbb_cta-button-enable-yes\">\n          <a href=\"https:\/\/liquid-salt.com\/fr\/prodotti\/\" class=\"elementor-button twbb_cta-button elementor-size- twbb_cta-button__one\"            >Acheter maintenant<\/a>\n        <\/div>\n                        <\/div>\n    <\/div>\n  <\/div>\n        <\/div>\n\t\t\t\t<\/div>\n\t\t\t\t<\/div>\n\t\t\t\t\t<\/div>\n\t\t\t\t<\/div>\n\t\t\t\t<\/div>","protected":false},"excerpt":{"rendered":"<p>La Storia Il progetto del Sale Liquido nasce nel 2018 da un\u2019intuizione tanto semplice quanto rivoluzionaria: creare un sale innovativo e salutare, capace di ridurre l\u2019eccesso di sodio in cucina senza compromettere il gusto.Paolo, \u00e8 un ex imprenditore con una grande visione vista inizialmente come folle da tutti, \u00e8 quella di ridare vita ad un [&hellip;]<\/p>","protected":false},"author":2,"featured_media":0,"parent":0,"menu_order":0,"comment_status":"closed","ping_status":"closed","template":"","meta":{"two_page_speed":[],"footnotes":""},"class_list":["post-270","page","type-page","status-publish","hentry"],"_links":{"self":[{"href":"https:\/\/liquid-salt.com\/fr\/wp-json\/wp\/v2\/pages\/270","targetHints":{"allow":["GET"]}}],"collection":[{"href":"https:\/\/liquid-salt.com\/fr\/wp-json\/wp\/v2\/pages"}],"about":[{"href":"https:\/\/liquid-salt.com\/fr\/wp-json\/wp\/v2\/types\/page"}],"author":[{"embeddable":true,"href":"https:\/\/liquid-salt.com\/fr\/wp-json\/wp\/v2\/users\/2"}],"replies":[{"embeddable":true,"href":"https:\/\/liquid-salt.com\/fr\/wp-json\/wp\/v2\/comments?post=270"}],"version-history":[{"count":0,"href":"https:\/\/liquid-salt.com\/fr\/wp-json\/wp\/v2\/pages\/270\/revisions"}],"wp:attachment":[{"href":"https:\/\/liquid-salt.com\/fr\/wp-json\/wp\/v2\/media?parent=270"}],"curies":[{"name":"wp","href":"https:\/\/api.w.org\/{rel}","templated":true}]}}