{"id":114,"date":"2025-02-16T14:28:56","date_gmt":"2025-02-16T14:28:56","guid":{"rendered":"https:\/\/liquid-salt.com\/privacy-policy\/"},"modified":"2025-05-20T08:09:04","modified_gmt":"2025-05-20T07:09:04","slug":"privacy-policy","status":"publish","type":"page","link":"https:\/\/liquid-salt.com\/fr\/privacy-policy\/","title":{"rendered":"politique de confidentialit\u00e9"},"content":{"rendered":"<div data-elementor-type=\"wp-page\" data-elementor-id=\"114\" class=\"elementor elementor-114\">\n\t\t\t\t<div class=\"elementor-element elementor-element-nm1mnetq twbb_section e-flex e-con-boxed e-con e-parent\" data-id=\"nm1mnetq\" data-element_type=\"container\">\n\t\t\t\t\t<div class=\"e-con-inner\">\n\t\t\t\t<div class=\"elementor-element elementor-element-jmyvpvsc elementor-widget__width-initial elementor-widget-mobile__width-inherit elementor-widget-tablet__width-initial elementor-invisible elementor-widget elementor-widget-heading\" data-id=\"jmyvpvsc\" data-element_type=\"widget\" data-settings=\"{&quot;_animation&quot;:&quot;fadeInUp&quot;}\" data-widget_type=\"heading.default\">\n\t\t\t\t<div class=\"elementor-widget-container\">\n\t\t\t\t\t<h1 class=\"elementor-heading-title elementor-size-default\">politique de confidentialit\u00e9<\/h1>\t\t\t\t<\/div>\n\t\t\t\t<\/div>\n\t\t\t\t\t<\/div>\n\t\t\t\t<\/div>\n\t\t<div class=\"elementor-element elementor-element-stmqa1gz twbb_section e-flex e-con-boxed e-con e-parent\" data-id=\"stmqa1gz\" data-element_type=\"container\">\n\t\t\t\t\t<div class=\"e-con-inner\">\n\t\t\t\t<div class=\"elementor-element elementor-element-ak3rn1c5 elementor-widget__width-initial elementor-widget-mobile__width-inherit elementor-widget-tablet__width-initial elementor-invisible elementor-widget elementor-widget-text-editor\" data-id=\"ak3rn1c5\" data-element_type=\"widget\" data-settings=\"{&quot;_animation&quot;:&quot;fadeInUp&quot;}\" data-widget_type=\"text-editor.default\">\n\t\t\t\t<div class=\"elementor-widget-container\">\n\t\t\t\t\t\t\t\t\t<p data-pm-slice=\"1 1 []\"><strong>1. Responsable du traitement des donn\u00e9es<\/strong><br \/>Sel liquide<br \/>UID\u00a0: CHE-416.565.592<br \/>Murtenstrasse 14, 3177 Laupen, Berne, Suisse<br \/>Confidentialit\u00e9 Contact E-mail : <a>info@liquid-salt.com<\/a><\/p><p><strong>2. Donn\u00e9es personnelles collect\u00e9es<\/strong><br \/>Lorsque vous visitez notre site, passez une commande ou nous contactez, nous collectons les donn\u00e9es suivantes :<\/p><ul data-spread=\"false\"><li><p>Nom et pr\u00e9nom<\/p><\/li><li><p>Adresse email<\/p><\/li><li><p>Num\u00e9ro de t\u00e9l\u00e9phone<\/p><\/li><li><p>Adresse de livraison<\/p><\/li><li><p>D\u00e9tails de paiement (via Stripe ou PayPal)<\/p><\/li><li><p>Donn\u00e9es de navigation (via les cookies et les outils d&#039;analyse)<\/p><\/li><\/ul><p><strong>3. Finalit\u00e9 du traitement<\/strong><br \/>Nous traitons les donn\u00e9es pour :<\/p><ul data-spread=\"false\"><li><p>Gestion des commandes et des exp\u00e9ditions<\/p><\/li><li><p>Communications relatives aux commandes<\/p><\/li><li><p>Service client<\/p><\/li><li><p>Respect des obligations l\u00e9gales et fiscales<\/p><\/li><li><p>Envoi de newsletters et d&#039;offres promotionnelles, sous r\u00e9serve de consentement<\/p><\/li><li><p>Analyse statistique et am\u00e9lioration des services (Google Analytics, Meta Pixel)<\/p><\/li><\/ul><p><strong>4. Base juridique<\/strong><br \/>Le traitement des donn\u00e9es est licite sur la base :<\/p><ul data-spread=\"false\"><li><p>Exigences contractuelles<\/p><\/li><li><p>Obligations l\u00e9gales<\/p><\/li><li><p>Int\u00e9r\u00eat l\u00e9gitime du propri\u00e9taire<\/p><\/li><li><p>Consentement expr\u00e8s pour les communications marketing<\/p><\/li><\/ul><p><strong>5. Partage de donn\u00e9es<\/strong><br \/>Nous partageons des donn\u00e9es uniquement avec :<\/p><ul data-spread=\"false\"><li><p>Stripe et PayPal pour la gestion des paiements<\/p><\/li><li><p>Google et Meta pour l&#039;analyse et le marketing<\/p><\/li><\/ul><p><strong>6. Transfert de donn\u00e9es<\/strong><br \/>Les donn\u00e9es ne sont pas transf\u00e9r\u00e9es en dehors de la Suisse et de l&#039;UE. Si cela devait se produire \u00e0 l\u2019avenir, des mesures de protection appropri\u00e9es (par exemple des clauses contractuelles types) seront mises en place.<\/p><p><strong>7. Conservation des donn\u00e9es<\/strong><br \/>Nous stockons les donn\u00e9es :<\/p><ul data-spread=\"false\"><li><p>\u00c0 des fins comptables et fiscales : au moins 10 ans<\/p><\/li><li><p>\u00c0 des fins de marketing : jusqu&#039;\u00e0 ce que le consentement soit r\u00e9voqu\u00e9<\/p><\/li><li><p>\u00c0 des fins de service client\u00a0: 12 mois apr\u00e8s la derni\u00e8re interaction<\/p><\/li><\/ul><p><strong>8. Droits de l&#039;int\u00e9ress\u00e9<\/strong><br \/>Vous pouvez demander :<\/p><ul data-spread=\"false\"><li><p>Acc\u00e9der, modifier ou supprimer vos donn\u00e9es<\/p><\/li><li><p>Restriction du traitement<\/p><\/li><li><p>Portabilit\u00e9 des donn\u00e9es<\/p><\/li><li><p>Opposition ou r\u00e9vocation du consentement<\/p><\/li><\/ul><p><strong>9. Comment exercer vos droits<\/strong><br \/>\u00c9crivez-nous \u00e0 <a>info@liquid-salt.com<\/a> avec le sujet \u00ab Confidentialit\u00e9 \u00bb. Nous vous r\u00e9pondrons dans les 30 jours.<\/p><p><strong>10. Modifications de cette politique<\/strong><br \/>Nous nous r\u00e9servons le droit de modifier cette politique. Les modifications seront publi\u00e9es sur ce site.<\/p>\t\t\t\t\t\t\t\t<\/div>\n\t\t\t\t<\/div>\n\t\t\t\t\t<\/div>\n\t\t\t\t<\/div>\n\t\t\t\t<\/div>","protected":false},"excerpt":{"rendered":"<p>Privacy Policy 1. Titolare del trattamentoLiquid SaltUID: CHE-416.565.592Murtenstrasse 14, 3177 Laupen, Bern, SwitzerlandEmail di contatto per la privacy: info@liquid-salt.com 2. Dati personali raccoltiQuando visiti il nostro sito, effettui un ordine o ci contatti, raccogliamo i seguenti dati: Nome e cognome Indirizzo email Numero di telefono Indirizzo di spedizione Dati di pagamento (tramite Stripe o PayPal) [&hellip;]<\/p>","protected":false},"author":0,"featured_media":0,"parent":0,"menu_order":0,"comment_status":"closed","ping_status":"publish","template":"","meta":{"two_page_speed":[],"footnotes":""},"class_list":["post-114","page","type-page","status-publish","hentry"],"_links":{"self":[{"href":"https:\/\/liquid-salt.com\/fr\/wp-json\/wp\/v2\/pages\/114","targetHints":{"allow":["GET"]}}],"collection":[{"href":"https:\/\/liquid-salt.com\/fr\/wp-json\/wp\/v2\/pages"}],"about":[{"href":"https:\/\/liquid-salt.com\/fr\/wp-json\/wp\/v2\/types\/page"}],"replies":[{"embeddable":true,"href":"https:\/\/liquid-salt.com\/fr\/wp-json\/wp\/v2\/comments?post=114"}],"version-history":[{"count":0,"href":"https:\/\/liquid-salt.com\/fr\/wp-json\/wp\/v2\/pages\/114\/revisions"}],"wp:attachment":[{"href":"https:\/\/liquid-salt.com\/fr\/wp-json\/wp\/v2\/media?parent=114"}],"curies":[{"name":"wp","href":"https:\/\/api.w.org\/{rel}","templated":true}]}}