{"id":330,"date":"2025-02-16T18:34:19","date_gmt":"2025-02-16T17:34:19","guid":{"rendered":"https:\/\/liquid-salt.com\/?post_type=product&#038;p=330"},"modified":"2025-03-05T17:01:09","modified_gmt":"2025-03-05T16:01:09","slug":"flacone-vetro-viola-100g-al-tartufo","status":"publish","type":"product","link":"https:\/\/liquid-salt.com\/es\/product\/flacone-vetro-viola-100g-al-tartufo\/","title":{"rendered":"Botella de cristal violeta 100g con trufa"},"content":{"rendered":"<p class=\"p1\">Para los amantes del sabor refinado, la Sal L\u00edquida con Trufa en botella de vidrio violeta de 100g combina la reducci\u00f3n de sodio con una explosi\u00f3n de sabor \u00fanica. La combinaci\u00f3n de la frescura de la sal l\u00edquida extra\u00edda del mar Tirreno y la intensa fragancia de la trufa hacen de este condimento el toque ideal para elevar tus recetas al nivel gourmet. Espolvor\u00e9elo sobre carnes, huevos, risottos o platos de pasta para una experiencia sensorial inolvidable.<\/p>\n<p class=\"p1\">La botella de cristal violeta no s\u00f3lo es un capricho est\u00e9tico, sino que tambi\u00e9n ayuda a proteger el contenido de la luz, conservando mejor sus caracter\u00edsticas. Cada gota encarna la filosof\u00eda de Liquid Salt: menos sodio, sin aditivos y un fuerte enfoque en la sostenibilidad. Si buscas un aliado en la cocina que combine originalidad, bienestar y sabor, esta versi\u00f3n con sabor a trufa es la elecci\u00f3n perfecta. Tambi\u00e9n es ideal como regalo para aquellos que aprecian la buena comida y los buenos sabores.<\/p>","protected":false},"excerpt":{"rendered":"<p class=\"p1\">Sal L\u00edquida aromatizada con trufa, en botella de cristal morado de 100g. Combina la reducci\u00f3n de sodio con la intensa fragancia de la trufa, para enriquecer el sabor de tus platos gourmet. Excelente con carnes, huevos, risottos y platos finos.<\/p>\n<p class=\"p4\">\u2022Precioso sabor a trufa, sabor intenso.<\/p>\n<p class=\"p4\">\u2022Bajo en sodio, ideal para una cocina saludable.<\/p>\n<p class=\"p4\">\u2022Elegante botella de cristal morado, perfecta para la mesa.<\/p>","protected":false},"featured_media":572,"template":"","meta":[],"product_brand":[],"product_cat":[16],"product_tag":[],"class_list":{"0":"post-330","1":"product","2":"type-product","3":"status-publish","4":"has-post-thumbnail","6":"product_cat-uncategorized","8":"first","9":"instock","10":"shipping-taxable","11":"purchasable","12":"product-type-simple"},"_links":{"self":[{"href":"https:\/\/liquid-salt.com\/es\/wp-json\/wp\/v2\/product\/330","targetHints":{"allow":["GET"]}}],"collection":[{"href":"https:\/\/liquid-salt.com\/es\/wp-json\/wp\/v2\/product"}],"about":[{"href":"https:\/\/liquid-salt.com\/es\/wp-json\/wp\/v2\/types\/product"}],"wp:featuredmedia":[{"embeddable":true,"href":"https:\/\/liquid-salt.com\/es\/wp-json\/wp\/v2\/media\/572"}],"wp:attachment":[{"href":"https:\/\/liquid-salt.com\/es\/wp-json\/wp\/v2\/media?parent=330"}],"wp:term":[{"taxonomy":"product_brand","embeddable":true,"href":"https:\/\/liquid-salt.com\/es\/wp-json\/wp\/v2\/product_brand?post=330"},{"taxonomy":"product_cat","embeddable":true,"href":"https:\/\/liquid-salt.com\/es\/wp-json\/wp\/v2\/product_cat?post=330"},{"taxonomy":"product_tag","embeddable":true,"href":"https:\/\/liquid-salt.com\/es\/wp-json\/wp\/v2\/product_tag?post=330"}],"curies":[{"name":"gracias","href":"https:\/\/api.w.org\/{rel}","templated":true}]}}