{"id":316,"date":"2025-02-16T16:22:24","date_gmt":"2025-02-16T16:22:24","guid":{"rendered":"https:\/\/liquid-salt.com\/?post_type=product&#038;p=316"},"modified":"2025-03-05T16:46:51","modified_gmt":"2025-03-05T15:46:51","slug":"liquid-salt-30-ml","status":"publish","type":"product","link":"https:\/\/liquid-salt.com\/es\/product\/liquid-salt-30-ml\/","title":{"rendered":"Sal l\u00edquida para beb\u00e9s HD PE 30 g Serie Sport (Spray)"},"content":{"rendered":"<p class=\"p1\">Baby Liquid Salt es la versi\u00f3n m\u00e1s compacta de Liquid Salt, ofrecida en una pr\u00e1ctica botella de PE HD de 30 g con nebulizador. Dise\u00f1ado para quienes siempre est\u00e1n en movimiento, es perfecto para llevar en un bolso, mochila o para tener en la oficina, para tener siempre a mano una alternativa saludable a la sal cl\u00e1sica. El tama\u00f1o m\u00e1s peque\u00f1o no renuncia a las propiedades que hacen especial a Liquid Salt: bajo contenido en sodio, rico en minerales esenciales y libre de conservantes o aditivos qu\u00edmicos.<\/p>\n<p class=\"p1\">La serie deportiva garantiza la misma calidad que el producto cl\u00e1sico, poniendo \u00e9nfasis en las necesidades de quienes llevan una vida activa y quieren controlar de forma inteligente su ingesta de sodio. El spray facilita una dispensaci\u00f3n uniforme, lo que permite condimentar r\u00e1pidamente ensaladas, snacks o snacks post-entrenamiento. Una soluci\u00f3n pr\u00e1ctica para disfrutar del aut\u00e9ntico sabor del mar y cuidar tu bienestar, incluso lejos de los fogones de casa.<\/p>","protected":false},"excerpt":{"rendered":"<p class=\"p1\">Versi\u00f3n \u201cBaby\u201d de Sal L\u00edquida en frasco de PE HD de 30g con nebulizador. Ideal para llevar siempre contigo, de viaje o al trabajo. Ofrece la misma calidad que la sal l\u00edquida cl\u00e1sica, en un formato m\u00e1s peque\u00f1o, pr\u00e1ctico y ligero.<\/p>\n<p class=\"p4\">\u2022Tama\u00f1o mini perfecto para bolso o mochila.<\/p>\n<p class=\"p4\">\u2022Menos sodio, m\u00e1s bienestar<\/p>\n<p class=\"p4\">\u2022R\u00e1pida distribuci\u00f3n con spray.<\/p>","protected":false},"featured_media":568,"template":"","meta":[],"product_brand":[],"product_cat":[16],"product_tag":[],"class_list":{"0":"post-316","1":"product","2":"type-product","3":"status-publish","4":"has-post-thumbnail","6":"product_cat-uncategorized","8":"first","9":"instock","10":"shipping-taxable","11":"purchasable","12":"product-type-simple"},"_links":{"self":[{"href":"https:\/\/liquid-salt.com\/es\/wp-json\/wp\/v2\/product\/316","targetHints":{"allow":["GET"]}}],"collection":[{"href":"https:\/\/liquid-salt.com\/es\/wp-json\/wp\/v2\/product"}],"about":[{"href":"https:\/\/liquid-salt.com\/es\/wp-json\/wp\/v2\/types\/product"}],"wp:featuredmedia":[{"embeddable":true,"href":"https:\/\/liquid-salt.com\/es\/wp-json\/wp\/v2\/media\/568"}],"wp:attachment":[{"href":"https:\/\/liquid-salt.com\/es\/wp-json\/wp\/v2\/media?parent=316"}],"wp:term":[{"taxonomy":"product_brand","embeddable":true,"href":"https:\/\/liquid-salt.com\/es\/wp-json\/wp\/v2\/product_brand?post=316"},{"taxonomy":"product_cat","embeddable":true,"href":"https:\/\/liquid-salt.com\/es\/wp-json\/wp\/v2\/product_cat?post=316"},{"taxonomy":"product_tag","embeddable":true,"href":"https:\/\/liquid-salt.com\/es\/wp-json\/wp\/v2\/product_tag?post=316"}],"curies":[{"name":"gracias","href":"https:\/\/api.w.org\/{rel}","templated":true}]}}