{"id":314,"date":"2025-02-16T16:21:41","date_gmt":"2025-02-16T16:21:41","guid":{"rendered":"https:\/\/liquid-salt.com\/?post_type=product&#038;p=314"},"modified":"2025-05-20T08:12:00","modified_gmt":"2025-05-20T07:12:00","slug":"liquid-salt-250-ml","status":"publish","type":"product","link":"https:\/\/liquid-salt.com\/es\/product\/liquid-salt-250-ml\/","title":{"rendered":"Botella de PE HD de 250 g, serie deportiva (spray)"},"content":{"rendered":"<p class=\"p1\">Descubre la comodidad de la Sal L\u00edquida en una botella de PE HD de 250 g con dosificador en spray, dise\u00f1ada para quienes quieren distribuir el condimento de manera uniforme y r\u00e1pida. Esta versi\u00f3n \u201cspray\u201d permite rociar sal l\u00edquida directamente sobre los platos, garantizando una excelente cobertura y una reducci\u00f3n significativa del sodio en comparaci\u00f3n con la sal com\u00fan. Los procesos de extracci\u00f3n del mar Tirreno, realizados de forma ecosostenible, conservan minerales esenciales como el magnesio y el potasio, contribuyendo a un sabor natural e intenso.<\/p>\n<p class=\"p1\">La serie deportiva est\u00e1 dise\u00f1ada para satisfacer las necesidades de aquellos que siguen un estilo de vida saludable y activo, o simplemente quieren limitar la ingesta de sodio en su dieta. La botella de PE HD es resistente y ligera, ideal tambi\u00e9n para viajar. Perfecto para condimentar instant\u00e1neamente ensaladas, alimentos a la parrilla o bocadillos r\u00e1pidos, el aerosol de sal l\u00edquida agrega un toque de salinidad sin los riesgos asociados con el exceso de sal. Agr\u00e9galo a tu rutina diaria y disfruta de la diferencia de un producto \u00fanico y vers\u00e1til.<\/p>","protected":false},"excerpt":{"rendered":"<p class=\"p1\">Sal l\u00edquida en envase de PE HD de 250g equipado con pulverizador nebulizador. Perfecto para quienes quieren distribuir la sal uniformemente en los platos. De bajo impacto en sodio, adecuado para dietas bajas en sodio o para quienes aman una dieta equilibrada.<\/p>\n<p class=\"p1\">\u2022Dispensador en spray para una dispensaci\u00f3n uniforme.<\/p>\n<p class=\"p1\">\u2022Extra\u00eddo del mar Tirreno con procesos ecol\u00f3gicos.<\/p>\n<p class=\"p1\">\u2022Consistencia l\u00edquida, sin grumos ni exceso de sal.<\/p>","protected":false},"featured_media":570,"template":"","meta":[],"product_brand":[],"product_cat":[16],"product_tag":[],"class_list":{"0":"post-314","1":"product","2":"type-product","3":"status-publish","4":"has-post-thumbnail","6":"product_cat-uncategorized","8":"first","9":"instock","10":"shipping-taxable","11":"purchasable","12":"product-type-simple"},"_links":{"self":[{"href":"https:\/\/liquid-salt.com\/es\/wp-json\/wp\/v2\/product\/314","targetHints":{"allow":["GET"]}}],"collection":[{"href":"https:\/\/liquid-salt.com\/es\/wp-json\/wp\/v2\/product"}],"about":[{"href":"https:\/\/liquid-salt.com\/es\/wp-json\/wp\/v2\/types\/product"}],"wp:featuredmedia":[{"embeddable":true,"href":"https:\/\/liquid-salt.com\/es\/wp-json\/wp\/v2\/media\/570"}],"wp:attachment":[{"href":"https:\/\/liquid-salt.com\/es\/wp-json\/wp\/v2\/media?parent=314"}],"wp:term":[{"taxonomy":"product_brand","embeddable":true,"href":"https:\/\/liquid-salt.com\/es\/wp-json\/wp\/v2\/product_brand?post=314"},{"taxonomy":"product_cat","embeddable":true,"href":"https:\/\/liquid-salt.com\/es\/wp-json\/wp\/v2\/product_cat?post=314"},{"taxonomy":"product_tag","embeddable":true,"href":"https:\/\/liquid-salt.com\/es\/wp-json\/wp\/v2\/product_tag?post=314"}],"curies":[{"name":"gracias","href":"https:\/\/api.w.org\/{rel}","templated":true}]}}