{"id":279,"date":"2025-02-16T15:45:42","date_gmt":"2025-02-16T15:45:42","guid":{"rendered":"https:\/\/liquid-salt.com\/?post_type=product&#038;p=279"},"modified":"2025-05-20T08:11:30","modified_gmt":"2025-05-20T07:11:30","slug":"liquid-salt-450-ml","status":"publish","type":"product","link":"https:\/\/liquid-salt.com\/es\/product\/liquid-salt-450-ml\/","title":{"rendered":"Botella de PE HD de 450 g, serie deportiva (gotas)"},"content":{"rendered":"<p class=\"p1\">Sal L\u00edquida en botella de PE HD de 450g con gotero ofrece una soluci\u00f3n pr\u00e1ctica y segura para quienes quieren reducir su consumo de sodio, sin renunciar al aut\u00e9ntico sabor de la sal marina. Gracias a su forma l\u00edquida, podr\u00e1s dosificar cada gota con extrema precisi\u00f3n y decir adi\u00f3s a los grumos o residuos t\u00edpicos de la sal cristal. Cada botella contiene una concentraci\u00f3n especial de agua del mar Tirreno, filtrada y ecoextra\u00edda, que preserva los preciosos oligoelementos naturales y elimina las impurezas.<\/p>\n<p class=\"p1\">La serie deportiva est\u00e1 dise\u00f1ada para los amantes de una alimentaci\u00f3n equilibrada, ideal para apoyar a quienes practican actividad f\u00edsica o intentan mantener su presi\u00f3n arterial bajo control. Es especialmente adecuado para el uso diario en la cocina, desde la preparaci\u00f3n de platos sencillos hasta recetas m\u00e1s elaboradas. El contenedor de PE HD es ligero, irrompible y de f\u00e1cil manejo, permitiendo almacenar el producto de forma higi\u00e9nica y pr\u00e1ctica. Si buscas una alternativa v\u00e1lida a la sal tradicional, con Sal L\u00edquida podr\u00e1s dar sabor a tus platos obteniendo hasta 75% menos de sodio: un peque\u00f1o gesto que puede aportar grandes beneficios a tu estilo de vida.<\/p>","protected":false},"excerpt":{"rendered":"<p class=\"p1\">Sal l\u00edquida en botella de PE HD de 450g con dosificador gotero. Ideal para uso frecuente en la cocina, permite controlar con precisi\u00f3n la cantidad de sal. Bajo en sodio, rico en oligoelementos marinos y libre de micropl\u00e1sticos.<\/p>\n<p class=\"p1\">\u2022Dosificaci\u00f3n por gotas, f\u00e1cil de controlar.<\/p>\n<p class=\"p1\">\u2022Hasta 75% menos de sodio que la sal com\u00fan<\/p>\n<p class=\"p1\">\u2022Perfecto para condimentar platos cotidianos con un toque de bienestar.<\/p>","protected":false},"featured_media":571,"template":"","meta":[],"product_brand":[],"product_cat":[16],"product_tag":[],"class_list":{"0":"post-279","1":"product","2":"type-product","3":"status-publish","4":"has-post-thumbnail","6":"product_cat-uncategorized","8":"first","9":"instock","10":"shipping-taxable","11":"purchasable","12":"product-type-simple"},"_links":{"self":[{"href":"https:\/\/liquid-salt.com\/es\/wp-json\/wp\/v2\/product\/279","targetHints":{"allow":["GET"]}}],"collection":[{"href":"https:\/\/liquid-salt.com\/es\/wp-json\/wp\/v2\/product"}],"about":[{"href":"https:\/\/liquid-salt.com\/es\/wp-json\/wp\/v2\/types\/product"}],"wp:featuredmedia":[{"embeddable":true,"href":"https:\/\/liquid-salt.com\/es\/wp-json\/wp\/v2\/media\/571"}],"wp:attachment":[{"href":"https:\/\/liquid-salt.com\/es\/wp-json\/wp\/v2\/media?parent=279"}],"wp:term":[{"taxonomy":"product_brand","embeddable":true,"href":"https:\/\/liquid-salt.com\/es\/wp-json\/wp\/v2\/product_brand?post=279"},{"taxonomy":"product_cat","embeddable":true,"href":"https:\/\/liquid-salt.com\/es\/wp-json\/wp\/v2\/product_cat?post=279"},{"taxonomy":"product_tag","embeddable":true,"href":"https:\/\/liquid-salt.com\/es\/wp-json\/wp\/v2\/product_tag?post=279"}],"curies":[{"name":"gracias","href":"https:\/\/api.w.org\/{rel}","templated":true}]}}