{"id":795,"date":"2025-05-15T06:04:01","date_gmt":"2025-05-15T05:04:01","guid":{"rendered":"https:\/\/liquid-salt.com\/?page_id=795"},"modified":"2025-05-15T06:04:45","modified_gmt":"2025-05-15T05:04:45","slug":"cookie-policy","status":"publish","type":"page","link":"https:\/\/liquid-salt.com\/es\/cookie-policy\/","title":{"rendered":"Pol\u00edtica de cookies"},"content":{"rendered":"<div data-elementor-type=\"wp-page\" data-elementor-id=\"795\" class=\"elementor elementor-795\">\n\t\t\t\t<div class=\"elementor-element elementor-element-nm1mnetq twbb_section e-flex e-con-boxed e-con e-parent\" data-id=\"nm1mnetq\" data-element_type=\"container\">\n\t\t\t\t\t<div class=\"e-con-inner\">\n\t\t\t\t<div class=\"elementor-element elementor-element-jmyvpvsc elementor-widget__width-initial elementor-widget-mobile__width-inherit elementor-widget-tablet__width-initial elementor-invisible elementor-widget elementor-widget-heading\" data-id=\"jmyvpvsc\" data-element_type=\"widget\" data-settings=\"{&quot;_animation&quot;:&quot;fadeInUp&quot;}\" data-widget_type=\"heading.default\">\n\t\t\t\t<div class=\"elementor-widget-container\">\n\t\t\t\t\t<h1 class=\"elementor-heading-title elementor-size-default\">Pol\u00edtica de cookies<\/h1>\t\t\t\t<\/div>\n\t\t\t\t<\/div>\n\t\t\t\t\t<\/div>\n\t\t\t\t<\/div>\n\t\t<div class=\"elementor-element elementor-element-stmqa1gz twbb_section e-flex e-con-boxed e-con e-parent\" data-id=\"stmqa1gz\" data-element_type=\"container\">\n\t\t\t\t\t<div class=\"e-con-inner\">\n\t\t\t\t<div class=\"elementor-element elementor-element-ak3rn1c5 elementor-widget__width-initial elementor-widget-mobile__width-inherit elementor-widget-tablet__width-initial elementor-invisible elementor-widget elementor-widget-text-editor\" data-id=\"ak3rn1c5\" data-element_type=\"widget\" data-settings=\"{&quot;_animation&quot;:&quot;fadeInUp&quot;}\" data-widget_type=\"text-editor.default\">\n\t\t\t\t<div class=\"elementor-widget-container\">\n\t\t\t\t\t\t\t\t\t<p data-pm-slice=\"1 1 []\"><strong>1. \u00bfQu\u00e9 son las cookies?<\/strong><br \/>Las cookies son peque\u00f1os archivos enviados al navegador del usuario por un sitio web visitado, que permiten que el sitio funcione o mejore los servicios ofrecidos.<\/p><p><strong>2. Tipos de cookies utilizadas<\/strong><\/p><ul data-spread=\"false\"><li><p><strong>Cookies t\u00e9cnicas<\/strong>:esencial para la navegaci\u00f3n (por ejemplo, carrito de compras, inicio de sesi\u00f3n, preferencias de idioma).<\/p><\/li><li><p><strong>Cookies anal\u00edticas<\/strong>:recopilar datos de forma an\u00f3nima para analizar el comportamiento del usuario (Google Analytics).<\/p><\/li><li><p><strong>Cookies de marketing\/creaci\u00f3n de perfiles<\/strong>: se utiliza para ofrecer contenido y publicidad personalizados (Meta Pixel).<\/p><\/li><\/ul><p><strong>3. Gesti\u00f3n del consentimiento<\/strong><br \/>Actualmente no existe una plataforma de gesti\u00f3n del consentimiento (CMP), pero se muestra un banner informativo. Al continuar navegando, acepta el uso de cookies.<\/p><p><strong>4. C\u00f3mo deshabilitar las cookies<\/strong><br \/>Puede cambiar la configuraci\u00f3n de su navegador para bloquear o eliminar las cookies. Consulte la secci\u00f3n \u201cAyuda\u201d del navegador que utilice.<\/p><p><strong>5. Cookies de terceros<\/strong><br \/>Algunas cookies son instaladas por terceros:<\/p><ul data-spread=\"false\"><li><p>Google (Google Analytics): <a>https:\/\/policies.google.com\/privacy<\/a><\/p><\/li><li><p>Meta (p\u00edxel de Facebook): <a>https:\/\/www.facebook.com\/policies\/cookies\/<\/a><\/p><\/li><\/ul><p><strong>6. Duraci\u00f3n de las cookies<\/strong><br \/>Las cookies pueden ser:<\/p><ul data-spread=\"false\"><li><p><strong>De sesi\u00f3n<\/strong>:se eliminan cuando se cierra el navegador<\/p><\/li><li><p><strong>Persistente<\/strong>: permanecen guardados incluso despu\u00e9s de cerrar el navegador (hasta 24 meses)<\/p><\/li><\/ul><p><strong>7. Actualizaciones<\/strong><br \/>Esta Pol\u00edtica de Cookies puede ser actualizada. Cualquier cambio se publicar\u00e1 en esta p\u00e1gina.<\/p>\t\t\t\t\t\t\t\t<\/div>\n\t\t\t\t<\/div>\n\t\t\t\t\t<\/div>\n\t\t\t\t<\/div>\n\t\t\t\t<\/div>","protected":false},"excerpt":{"rendered":"<p>Cookie Policy 1. Cosa sono i cookieI cookie sono piccoli file inviati al browser dell&#8217;utente da un sito web visitato, che permettono al sito di funzionare o di migliorare i servizi offerti. 2. Tipologie di cookie utilizzati Cookie tecnici: essenziali per la navigazione (es. carrello, login, preferenze lingua). Cookie analitici: raccolgono dati in forma anonima [&hellip;]<\/p>","protected":false},"author":2,"featured_media":0,"parent":0,"menu_order":0,"comment_status":"closed","ping_status":"closed","template":"","meta":{"two_page_speed":[],"footnotes":""},"class_list":["post-795","page","type-page","status-publish","hentry"],"_links":{"self":[{"href":"https:\/\/liquid-salt.com\/es\/wp-json\/wp\/v2\/pages\/795","targetHints":{"allow":["GET"]}}],"collection":[{"href":"https:\/\/liquid-salt.com\/es\/wp-json\/wp\/v2\/pages"}],"about":[{"href":"https:\/\/liquid-salt.com\/es\/wp-json\/wp\/v2\/types\/page"}],"author":[{"embeddable":true,"href":"https:\/\/liquid-salt.com\/es\/wp-json\/wp\/v2\/users\/2"}],"replies":[{"embeddable":true,"href":"https:\/\/liquid-salt.com\/es\/wp-json\/wp\/v2\/comments?post=795"}],"version-history":[{"count":0,"href":"https:\/\/liquid-salt.com\/es\/wp-json\/wp\/v2\/pages\/795\/revisions"}],"wp:attachment":[{"href":"https:\/\/liquid-salt.com\/es\/wp-json\/wp\/v2\/media?parent=795"}],"curies":[{"name":"gracias","href":"https:\/\/api.w.org\/{rel}","templated":true}]}}