{"id":270,"date":"2025-02-16T15:34:42","date_gmt":"2025-02-16T15:34:42","guid":{"rendered":"https:\/\/liquid-salt.com\/?page_id=270"},"modified":"2026-01-03T07:05:59","modified_gmt":"2026-01-03T06:05:59","slug":"chi-siamo","status":"publish","type":"page","link":"https:\/\/liquid-salt.com\/es\/chi-siamo\/","title":{"rendered":"Sobre nosotros"},"content":{"rendered":"<div data-elementor-type=\"wp-page\" data-elementor-id=\"270\" class=\"elementor elementor-270\">\n\t\t\t\t<div class=\"elementor-element elementor-element-268f27a4 twbb_section twbb_about_1_3_1 e-flex e-con-boxed e-con e-parent\" data-id=\"268f27a4\" data-element_type=\"container\" data-settings=\"{&quot;background_background&quot;:&quot;classic&quot;}\">\n\t\t\t\t\t<div class=\"e-con-inner\">\n\t\t<div class=\"elementor-element elementor-element-a1991f8 e-con-full e-flex e-con e-child\" data-id=\"a1991f8\" data-element_type=\"container\">\n\t\t\t\t<div class=\"elementor-element elementor-element-75efc38b elementor-widget__width-initial elementor-widget-mobile__width-inherit elementor-widget-tablet__width-initial elementor-invisible elementor-widget elementor-widget-heading\" data-id=\"75efc38b\" data-element_type=\"widget\" data-settings=\"{&quot;_animation&quot;:&quot;fadeInUp&quot;}\" data-widget_type=\"heading.default\">\n\t\t\t\t<div class=\"elementor-widget-container\">\n\t\t\t\t\t<h2 class=\"elementor-heading-title elementor-size-default\">La historia<\/h2>\t\t\t\t<\/div>\n\t\t\t\t<\/div>\n\t\t\t\t<div class=\"elementor-element elementor-element-19864cdd elementor-widget__width-initial elementor-widget-mobile__width-inherit elementor-widget-tablet__width-initial elementor-invisible elementor-widget elementor-widget-text-editor\" data-id=\"19864cdd\" data-element_type=\"widget\" data-settings=\"{&quot;_animation&quot;:&quot;fadeInUp&quot;}\" data-widget_type=\"text-editor.default\">\n\t\t\t\t<div class=\"elementor-widget-container\">\n\t\t\t\t\t\t\t\t\t<p>El proyecto Sal L\u00edquida naci\u00f3 en 2018 de una intuici\u00f3n tan simple como revolucionaria: crear una sal innovadora y saludable, capaz de reducir el exceso de sodio en la cocina sin comprometer el sabor.<br \/>Paolo, un ex empresario con una gran visi\u00f3n que al principio todos consideraron una locura, era revivir una antigua planta depuradora de agua abandonada. Paolo cree en este nuevo proyecto y recurre a un ingeniero qu\u00edmico que conoce.<br \/>La planta fue completamente reconstruida y naci\u00f3 una profunda colaboraci\u00f3n entre ambos y, con el tiempo, una amistad.<\/p>\t\t\t\t\t\t\t\t<\/div>\n\t\t\t\t<\/div>\n\t\t\t\t<\/div>\n\t\t\t\t<div class=\"elementor-element elementor-element-mfx3ffu elementor-widget elementor-widget-video\" data-id=\"mfx3ffu\" data-element_type=\"widget\" data-settings=\"{&quot;video_type&quot;:&quot;hosted&quot;,&quot;autoplay&quot;:&quot;yes&quot;,&quot;play_on_mobile&quot;:&quot;yes&quot;,&quot;mute&quot;:&quot;yes&quot;,&quot;loop&quot;:&quot;yes&quot;}\" data-widget_type=\"video.default\">\n\t\t\t\t<div class=\"elementor-widget-container\">\n\t\t\t\t\t\t\t<div class=\"e-hosted-video elementor-wrapper elementor-open-inline\">\n\t\t\t\t\t<video class=\"elementor-video\" src=\"https:\/\/liquid-salt.com\/wp-content\/uploads\/2025\/02\/Standard_Mode_16x9_display_the_subject_on_the_sand_-1.mp4\" autoplay=\"\" loop=\"\" muted=\"muted\" playsinline=\"\" controlslist=\"nodownload\"><\/video>\n\t\t\t\t<\/div>\n\t\t\t\t\t\t<\/div>\n\t\t\t\t<\/div>\n\t\t\t\t\t<\/div>\n\t\t\t\t<\/div>\n\t\t<div class=\"elementor-element elementor-element-244882a9 twbb_section e-flex e-con-boxed e-con e-parent\" data-id=\"244882a9\" data-element_type=\"container\">\n\t\t\t\t\t<div class=\"e-con-inner\">\n\t\t\t\t<div class=\"elementor-element elementor-element-79a8eb5e elementor-widget__width-initial elementor-widget-mobile__width-inherit elementor-widget-tablet__width-initial elementor-invisible elementor-widget elementor-widget-text-editor\" data-id=\"79a8eb5e\" data-element_type=\"widget\" data-settings=\"{&quot;_animation&quot;:&quot;fadeInUp&quot;}\" data-widget_type=\"text-editor.default\">\n\t\t\t\t<div class=\"elementor-widget-container\">\n\t\t\t\t\t\t\t\t\t<p><strong>Sal L\u00edquida es mucho m\u00e1s que un producto:<\/strong><br \/>Es una visi\u00f3n que combina salud, sabor y respeto por el mar.<br \/>Es una historia de familia, amistad y coraje.<br \/>Es un legado transformado en innovaci\u00f3n.<\/p>\t\t\t\t\t\t\t\t<\/div>\n\t\t\t\t<\/div>\n\t\t\t\t\t<\/div>\n\t\t\t\t<\/div>\n\t\t<div class=\"elementor-element elementor-element-d2f6b0f twbb_section twbb_about_1_3_1 e-flex e-con-boxed e-con e-parent\" data-id=\"d2f6b0f\" data-element_type=\"container\" data-settings=\"{&quot;background_background&quot;:&quot;classic&quot;}\">\n\t\t\t\t\t<div class=\"e-con-inner\">\n\t\t<div class=\"elementor-element elementor-element-fedd1fa e-con-full e-flex e-con e-child\" data-id=\"fedd1fa\" data-element_type=\"container\">\n\t\t\t\t<div class=\"elementor-element elementor-element-82cb715 elementor-widget__width-initial elementor-widget-mobile__width-inherit elementor-widget-tablet__width-initial elementor-invisible elementor-widget elementor-widget-heading\" data-id=\"82cb715\" data-element_type=\"widget\" data-settings=\"{&quot;_animation&quot;:&quot;fadeInUp&quot;}\" data-widget_type=\"heading.default\">\n\t\t\t\t<div class=\"elementor-widget-container\">\n\t\t\t\t\t<h2 class=\"elementor-heading-title elementor-size-default\">La partida<\/h2>\t\t\t\t<\/div>\n\t\t\t\t<\/div>\n\t\t\t\t<div class=\"elementor-element elementor-element-d96d294 elementor-widget__width-initial elementor-widget-mobile__width-inherit elementor-widget-tablet__width-initial elementor-invisible elementor-widget elementor-widget-text-editor\" data-id=\"d96d294\" data-element_type=\"widget\" data-settings=\"{&quot;_animation&quot;:&quot;fadeInUp&quot;}\" data-widget_type=\"text-editor.default\">\n\t\t\t\t<div class=\"elementor-widget-container\">\n\t\t\t\t\t\t\t\t\t<p>En los dos primeros a\u00f1os hay mucho trabajo por hacer, como en toda empresa y visi\u00f3n.<br \/>Paolo redise\u00f1a la planta para producir la primera sal marina l\u00edquida: un producto con 75% menos sodio, que conserva los oligoelementos marinos y est\u00e1 libre de micropl\u00e1sticos y aditivos. Una aut\u00e9ntica innovaci\u00f3n: su presentaci\u00f3n l\u00edquida se distribuye uniformemente, lo que la hace ideal tanto para uso dom\u00e9stico como profesional en la restauraci\u00f3n.<br \/>En 2020, se envi\u00f3 el primer contenedor al extranjero, lo que marc\u00f3 el inicio de su expansi\u00f3n internacional. A partir de ah\u00ed, el proyecto cobr\u00f3 impulso: restaurantes en Estados Unidos comenzaron a usar Liquid Salt como producto personalizado bajo su propia marca, mientras que los primeros pedidos tambi\u00e9n llegaron desde Arabia Saudita.<br \/>Hoy, tras el fallecimiento prematuro de Paolo, el proyecto contin\u00faa con el mismo esp\u00edritu de innovaci\u00f3n y pasi\u00f3n, llevado adelante por su hija Laura, residente en la Suiza alemana. En enero de 2025, exactamente un a\u00f1o despu\u00e9s de la p\u00e9rdida de su padre, Laura fund\u00f3 oficialmente<br \/>Sal liquida.<\/p>\t\t\t\t\t\t\t\t<\/div>\n\t\t\t\t<\/div>\n\t\t\t\t<\/div>\n\t\t<div class=\"elementor-element elementor-element-291c1e2 e-con-full e-flex e-con e-child\" data-id=\"291c1e2\" data-element_type=\"container\">\n\t\t\t\t<div class=\"elementor-element elementor-element-2948a66 elementor-widget elementor-widget-image\" data-id=\"2948a66\" data-element_type=\"widget\" data-widget_type=\"image.default\">\n\t\t\t\t<div class=\"elementor-widget-container\">\n\t\t\t\t\t\t\t\t\t\t\t\t\t\t\t<img fetchpriority=\"high\" decoding=\"async\" width=\"640\" height=\"640\" src=\"https:\/\/liquid-salt.com\/wp-content\/uploads\/2025\/11\/paolo-liquid.png\" class=\"attachment-large size-large wp-image-1237\" alt=\"\" srcset=\"https:\/\/liquid-salt.com\/wp-content\/uploads\/2025\/11\/paolo-liquid.png 1024w, https:\/\/liquid-salt.com\/wp-content\/uploads\/2025\/11\/paolo-liquid-300x300.png 300w, https:\/\/liquid-salt.com\/wp-content\/uploads\/2025\/11\/paolo-liquid-150x150.png 150w, https:\/\/liquid-salt.com\/wp-content\/uploads\/2025\/11\/paolo-liquid-768x768.png 768w, https:\/\/liquid-salt.com\/wp-content\/uploads\/2025\/11\/paolo-liquid-12x12.png 12w, https:\/\/liquid-salt.com\/wp-content\/uploads\/2025\/11\/paolo-liquid-600x600.png 600w, https:\/\/liquid-salt.com\/wp-content\/uploads\/2025\/11\/paolo-liquid-800x800.png 800w, https:\/\/liquid-salt.com\/wp-content\/uploads\/2025\/11\/paolo-liquid-100x100.png 100w\" sizes=\"(max-width: 640px) 100vw, 640px\" \/>\t\t\t\t\t\t\t\t\t\t\t\t\t\t\t<\/div>\n\t\t\t\t<\/div>\n\t\t\t\t<div class=\"elementor-element elementor-element-040246e elementor-widget elementor-widget-text-editor\" data-id=\"040246e\" data-element_type=\"widget\" data-widget_type=\"text-editor.default\">\n\t\t\t\t<div class=\"elementor-widget-container\">\n\t\t\t\t\t\t\t\t\t<p>Toscana, agosto de 2020 \u2013 Se lanza el primer pedido internacional<\/p>\t\t\t\t\t\t\t\t<\/div>\n\t\t\t\t<\/div>\n\t\t\t\t<\/div>\n\t\t\t\t\t<\/div>\n\t\t\t\t<\/div>\n\t\t<div class=\"elementor-element elementor-element-3094395 twbb_section twbb_about_1_3_1 e-flex e-con-boxed e-con e-parent\" data-id=\"3094395\" data-element_type=\"container\" data-settings=\"{&quot;background_background&quot;:&quot;classic&quot;}\">\n\t\t\t\t\t<div class=\"e-con-inner\">\n\t\t<div class=\"elementor-element elementor-element-e7a201f e-con-full e-flex e-con e-child\" data-id=\"e7a201f\" data-element_type=\"container\">\n\t\t\t\t<div class=\"elementor-element elementor-element-dc53fc1 elementor-widget__width-initial elementor-widget-mobile__width-inherit elementor-widget-tablet__width-initial elementor-invisible elementor-widget elementor-widget-heading\" data-id=\"dc53fc1\" data-element_type=\"widget\" data-settings=\"{&quot;_animation&quot;:&quot;fadeInUp&quot;}\" data-widget_type=\"heading.default\">\n\t\t\t\t<div class=\"elementor-widget-container\">\n\t\t\t\t\t<h2 class=\"elementor-heading-title elementor-size-default\">Un nuevo comienzo<\/h2>\t\t\t\t<\/div>\n\t\t\t\t<\/div>\n\t\t\t\t<div class=\"elementor-element elementor-element-daf4edc elementor-widget__width-initial elementor-widget-mobile__width-inherit elementor-widget-tablet__width-initial elementor-invisible elementor-widget elementor-widget-text-editor\" data-id=\"daf4edc\" data-element_type=\"widget\" data-settings=\"{&quot;_animation&quot;:&quot;fadeInUp&quot;}\" data-widget_type=\"text-editor.default\">\n\t\t\t\t<div class=\"elementor-widget-container\">\n\t\t\t\t\t\t\t\t\t<p>Laura hereda el alma emprendedora de su padre: es din\u00e1mica, decidida y profundamente motivada para cumplir la promesa que le hizo en su \u00faltimo encuentro. Con una s\u00f3lida trayectoria directiva en Centros de Bienestar en hoteles de lujo y como Ling\u00fc\u00edstica y Project Manager de italiano en una ONG internacional, hoy dirige Liquid Salt con la mirada puesta en el futuro, llevando adelante un legado hecho de valores, visi\u00f3n, innovaci\u00f3n y respeto por las ra\u00edces de la empresa.<\/p><p>Durante a\u00f1os, mi padre me pidi\u00f3 que fundara una empresa y empezara desde cero con el proyecto de la sal l\u00edquida, estudiando el mercado en el que me desenvolv\u00eda. Me honra poder seguir construyendo algo beneficioso para la gente y acepto con confianza el reto en el nuevo mercado suizo y europeo. Creo que me ha dejado el legado m\u00e1s hermoso que un padre puede dejar a un hijo: visiones y sue\u00f1os.<\/p>\t\t\t\t\t\t\t\t<\/div>\n\t\t\t\t<\/div>\n\t\t\t\t<\/div>\n\t\t<div class=\"elementor-element elementor-element-c0c5018 e-con-full e-flex e-con e-child\" data-id=\"c0c5018\" data-element_type=\"container\">\n\t\t\t\t<div class=\"elementor-element elementor-element-1e35060 elementor-widget elementor-widget-image\" data-id=\"1e35060\" data-element_type=\"widget\" data-widget_type=\"image.default\">\n\t\t\t\t<div class=\"elementor-widget-container\">\n\t\t\t\t\t\t\t\t\t\t\t\t\t\t\t<img decoding=\"async\" width=\"374\" height=\"500\" src=\"https:\/\/liquid-salt.com\/wp-content\/uploads\/2025\/05\/tedino.png\" class=\"attachment-full size-full wp-image-1001\" alt=\"\" srcset=\"https:\/\/liquid-salt.com\/wp-content\/uploads\/2025\/05\/tedino.png 374w, https:\/\/liquid-salt.com\/wp-content\/uploads\/2025\/05\/tedino-224x300.png 224w, https:\/\/liquid-salt.com\/wp-content\/uploads\/2025\/05\/tedino-9x12.png 9w\" sizes=\"(max-width: 374px) 100vw, 374px\" \/>\t\t\t\t\t\t\t\t\t\t\t\t\t\t\t<\/div>\n\t\t\t\t<\/div>\n\t\t\t\t<\/div>\n\t\t\t\t\t<\/div>\n\t\t\t\t<\/div>\n\t\t<div class=\"elementor-element elementor-element-80a0267 twbb_section e-flex e-con-boxed e-con e-parent\" data-id=\"80a0267\" data-element_type=\"container\">\n\t\t\t\t\t<div class=\"e-con-inner\">\n\t\t<div class=\"elementor-element elementor-element-12cab84 e-con-full e-flex e-con e-child\" data-id=\"12cab84\" data-element_type=\"container\">\n\t\t\t\t<div class=\"elementor-element elementor-element-6ef40e8 elementor-widget__width-initial elementor-widget-mobile__width-inherit elementor-widget-tablet__width-initial elementor-view-default elementor-position-top elementor-mobile-position-top elementor-widget elementor-widget-icon-box\" data-id=\"6ef40e8\" data-element_type=\"widget\" data-widget_type=\"icon-box.default\">\n\t\t\t\t<div class=\"elementor-widget-container\">\n\t\t\t\t\t\t\t<div class=\"elementor-icon-box-wrapper\">\n\n\t\t\t\t\t\t<div class=\"elementor-icon-box-icon\">\n\t\t\t\t<span  class=\"elementor-icon\">\n\t\t\t\t<svg aria-hidden=\"true\" class=\"e-font-icon-svg e-fas-heartbeat\" viewbox=\"0 0 512 512\" xmlns=\"http:\/\/www.w3.org\/2000\/svg\"><path d=\"M320.2 243.8l-49.7 99.4c-6 12.1-23.4 11.7-28.9-.6l-56.9-126.3-30 71.7H60.6l182.5 186.5c7.1 7.3 18.6 7.3 25.7 0L451.4 288H342.3l-22.1-44.2zM473.7 73.9l-2.4-2.5c-51.5-52.6-135.8-52.6-187.4 0L256 100l-27.9-28.5c-51.5-52.7-135.9-52.7-187.4 0l-2.4 2.4C-10.4 123.7-12.5 203 31 256h102.4l35.9-86.2c5.4-12.9 23.6-13.2 29.4-.4l58.2 129.3 49-97.9c5.9-11.8 22.7-11.8 28.6 0l27.6 55.2H481c43.5-53 41.4-132.3-7.3-182.1z\"><\/path><\/svg>\t\t\t\t<\/span>\n\t\t\t<\/div>\n\t\t\t\n\t\t\t\t\t\t<div class=\"elementor-icon-box-content\">\n\n\t\t\t\t\t\t\t\t\t<h4 class=\"elementor-icon-box-title\">\n\t\t\t\t\t\t<span  >\n\t\t\t\t\t\t\tSalud\t\t\t\t\t\t<\/span>\n\t\t\t\t\t<\/h4>\n\t\t\t\t\n\t\t\t\t\t\t\t\t\t<p class=\"elementor-icon-box-description\">\n\t\t\t\t\t\tPromovemos una alimentaci\u00f3n sana y equilibrada para mejorar el bienestar general.\t\t\t\t\t<\/p>\n\t\t\t\t\n\t\t\t<\/div>\n\t\t\t\n\t\t<\/div>\n\t\t\t\t\t\t<\/div>\n\t\t\t\t<\/div>\n\t\t\t\t<div class=\"elementor-element elementor-element-79abbe0 elementor-widget__width-initial elementor-widget-mobile__width-inherit elementor-widget-tablet__width-initial elementor-view-default elementor-position-top elementor-mobile-position-top elementor-widget elementor-widget-icon-box\" data-id=\"79abbe0\" data-element_type=\"widget\" data-widget_type=\"icon-box.default\">\n\t\t\t\t<div class=\"elementor-widget-container\">\n\t\t\t\t\t\t\t<div class=\"elementor-icon-box-wrapper\">\n\n\t\t\t\t\t\t<div class=\"elementor-icon-box-icon\">\n\t\t\t\t<span  class=\"elementor-icon\">\n\t\t\t\t<svg aria-hidden=\"true\" class=\"e-font-icon-svg e-fas-leaf\" viewbox=\"0 0 576 512\" xmlns=\"http:\/\/www.w3.org\/2000\/svg\"><path d=\"M546.2 9.7c-5.6-12.5-21.6-13-28.3-1.2C486.9 62.4 431.4 96 368 96h-80C182 96 96 182 96 288c0 7 .8 13.7 1.5 20.5C161.3 262.8 253.4 224 384 224c8.8 0 16 7.2 16 16s-7.2 16-16 16C132.6 256 26 410.1 2.4 468c-6.6 16.3 1.2 34.9 17.5 41.6 16.4 6.8 35-1.1 41.8-17.3 1.5-3.6 20.9-47.9 71.9-90.6 32.4 43.9 94 85.8 174.9 77.2C465.5 467.5 576 326.7 576 154.3c0-50.2-10.8-102.2-29.8-144.6z\"><\/path><\/svg>\t\t\t\t<\/span>\n\t\t\t<\/div>\n\t\t\t\n\t\t\t\t\t\t<div class=\"elementor-icon-box-content\">\n\n\t\t\t\t\t\t\t\t\t<h4 class=\"elementor-icon-box-title\">\n\t\t\t\t\t\t<span  >\n\t\t\t\t\t\t\tNaturaleza\t\t\t\t\t\t<\/span>\n\t\t\t\t\t<\/h4>\n\t\t\t\t\n\t\t\t\t\t\t\t\t\t<p class=\"elementor-icon-box-description\">\n\t\t\t\t\t\tNuestros procesos respetan el medio ambiente, utilizando los recursos naturales de forma sostenible.\t\t\t\t\t<\/p>\n\t\t\t\t\n\t\t\t<\/div>\n\t\t\t\n\t\t<\/div>\n\t\t\t\t\t\t<\/div>\n\t\t\t\t<\/div>\n\t\t\t\t<div class=\"elementor-element elementor-element-30417e4 elementor-widget__width-initial elementor-widget-mobile__width-inherit elementor-widget-tablet__width-initial elementor-view-default elementor-position-top elementor-mobile-position-top elementor-widget elementor-widget-icon-box\" data-id=\"30417e4\" data-element_type=\"widget\" data-widget_type=\"icon-box.default\">\n\t\t\t\t<div class=\"elementor-widget-container\">\n\t\t\t\t\t\t\t<div class=\"elementor-icon-box-wrapper\">\n\n\t\t\t\t\t\t<div class=\"elementor-icon-box-icon\">\n\t\t\t\t<span  class=\"elementor-icon\">\n\t\t\t\t<svg aria-hidden=\"true\" class=\"e-font-icon-svg e-fas-flask\" viewbox=\"0 0 448 512\" xmlns=\"http:\/\/www.w3.org\/2000\/svg\"><path d=\"M437.2 403.5L320 215V64h8c13.3 0 24-10.7 24-24V24c0-13.3-10.7-24-24-24H120c-13.3 0-24 10.7-24 24v16c0 13.3 10.7 24 24 24h8v151L10.8 403.5C-18.5 450.6 15.3 512 70.9 512h306.2c55.7 0 89.4-61.5 60.1-108.5zM137.9 320l48.2-77.6c3.7-5.2 5.8-11.6 5.8-18.4V64h64v160c0 6.9 2.2 13.2 5.8 18.4l48.2 77.6h-172z\"><\/path><\/svg>\t\t\t\t<\/span>\n\t\t\t<\/div>\n\t\t\t\n\t\t\t\t\t\t<div class=\"elementor-icon-box-content\">\n\n\t\t\t\t\t\t\t\t\t<h4 class=\"elementor-icon-box-title\">\n\t\t\t\t\t\t<span  >\n\t\t\t\t\t\t\tInvestigaci\u00f3n\t\t\t\t\t\t<\/span>\n\t\t\t\t\t<\/h4>\n\t\t\t\t\n\t\t\t\t\t\t\t\t\t<p class=\"elementor-icon-box-description\">\n\t\t\t\t\t\tInvertimos en investigaci\u00f3n para garantizar productos innovadores y de alta calidad.\t\t\t\t\t<\/p>\n\t\t\t\t\n\t\t\t<\/div>\n\t\t\t\n\t\t<\/div>\n\t\t\t\t\t\t<\/div>\n\t\t\t\t<\/div>\n\t\t\t\t<\/div>\n\t\t\t\t\t<\/div>\n\t\t\t\t<\/div>\n\t\t<div class=\"elementor-element elementor-element-33805b3 twbb_section e-flex e-con-boxed e-con e-parent\" data-id=\"33805b3\" data-element_type=\"container\" data-settings=\"{&quot;background_background&quot;:&quot;classic&quot;,&quot;background_motion_fx_motion_fx_scrolling&quot;:&quot;yes&quot;,&quot;background_motion_fx_scale_effect&quot;:&quot;yes&quot;,&quot;background_motion_fx_scale_speed&quot;:{&quot;unit&quot;:&quot;px&quot;,&quot;size&quot;:7,&quot;sizes&quot;:[]},&quot;background_motion_fx_scale_direction&quot;:&quot;out-in&quot;,&quot;background_motion_fx_scale_range&quot;:{&quot;unit&quot;:&quot;%&quot;,&quot;size&quot;:&quot;&quot;,&quot;sizes&quot;:{&quot;start&quot;:20,&quot;end&quot;:80}},&quot;background_motion_fx_devices&quot;:[&quot;desktop&quot;,&quot;tablet&quot;,&quot;mobile&quot;]}\">\n\t\t\t\t\t<div class=\"e-con-inner\">\n\t\t\t\t<div class=\"elementor-element elementor-element-616cbb2 elementor-widget__width-initial elementor-widget-mobile__width-inherit elementor-widget-tablet__width-initial twbb_cta-button-wrapper-center twbb_cta-valign-align-top twbb_cta-button-wrapper-center twbb_cta-button-wrapper-center twbb_cta-position-button-bottom twbb_cta-tablet-position-button-bottom twbb_cta-mobile-position-button-bottom elementor-invisible elementor-widget elementor-widget-twbb_call-to-action\" data-id=\"616cbb2\" data-element_type=\"widget\" data-settings=\"{&quot;_animation&quot;:&quot;fadeInUp&quot;}\" data-widget_type=\"twbb_call-to-action.default\">\n\t\t\t\t<div class=\"elementor-widget-container\">\n\t\t\t\t\t    <div  class=\"twbb_cta-wrapper\">\n      <div class=\"twbb_cta-content-wrapper\">\n    <div class=\"twbb_cta-content-inner\">\n                <h1 class=\"twbb_cta-title\">Revoluciona tu forma de salar<\/h1>\n                    <div class=\"twbb_cta-description\">Prueba la Sal L\u00edquida en tus recetas favoritas y descubre el placer de un condimento bajo en sodio, pero sabroso.<\/div>\n              <\/div>\n    <div class=\"twbb_cta-button-wrapper\">\n        <div class=\"twbb_cta-buttons\">\n              <div class=\"twbb_cta-button-item twbb_cta-button-item__one twbb_cta-button-enable-yes\">\n          <a href=\"https:\/\/liquid-salt.com\/es\/prodotti\/\" class=\"elementor-button twbb_cta-button elementor-size- twbb_cta-button__one\"            >Comprar ahora<\/a>\n        <\/div>\n                        <\/div>\n    <\/div>\n  <\/div>\n        <\/div>\n\t\t\t\t<\/div>\n\t\t\t\t<\/div>\n\t\t\t\t\t<\/div>\n\t\t\t\t<\/div>\n\t\t\t\t<\/div>","protected":false},"excerpt":{"rendered":"<p>La Storia Il progetto del Sale Liquido nasce nel 2018 da un\u2019intuizione tanto semplice quanto rivoluzionaria: creare un sale innovativo e salutare, capace di ridurre l\u2019eccesso di sodio in cucina senza compromettere il gusto.Paolo, \u00e8 un ex imprenditore con una grande visione vista inizialmente come folle da tutti, \u00e8 quella di ridare vita ad un [&hellip;]<\/p>","protected":false},"author":2,"featured_media":0,"parent":0,"menu_order":0,"comment_status":"closed","ping_status":"closed","template":"","meta":{"two_page_speed":[],"footnotes":""},"class_list":["post-270","page","type-page","status-publish","hentry"],"_links":{"self":[{"href":"https:\/\/liquid-salt.com\/es\/wp-json\/wp\/v2\/pages\/270","targetHints":{"allow":["GET"]}}],"collection":[{"href":"https:\/\/liquid-salt.com\/es\/wp-json\/wp\/v2\/pages"}],"about":[{"href":"https:\/\/liquid-salt.com\/es\/wp-json\/wp\/v2\/types\/page"}],"author":[{"embeddable":true,"href":"https:\/\/liquid-salt.com\/es\/wp-json\/wp\/v2\/users\/2"}],"replies":[{"embeddable":true,"href":"https:\/\/liquid-salt.com\/es\/wp-json\/wp\/v2\/comments?post=270"}],"version-history":[{"count":0,"href":"https:\/\/liquid-salt.com\/es\/wp-json\/wp\/v2\/pages\/270\/revisions"}],"wp:attachment":[{"href":"https:\/\/liquid-salt.com\/es\/wp-json\/wp\/v2\/media?parent=270"}],"curies":[{"name":"gracias","href":"https:\/\/api.w.org\/{rel}","templated":true}]}}