{"id":331,"date":"2025-02-16T18:35:51","date_gmt":"2025-02-16T17:35:51","guid":{"rendered":"https:\/\/liquid-salt.com\/?post_type=product&#038;p=331"},"modified":"2025-03-05T17:02:47","modified_gmt":"2025-03-05T16:02:47","slug":"flacone-vetro-viola-100g-classico","status":"publish","type":"product","link":"https:\/\/liquid-salt.com\/de\/product\/flacone-vetro-viola-100g-classico\/","title":{"rendered":"Lila Glasflasche 100g Classic"},"content":{"rendered":"<p class=\"p1\">Liquid Salt in seiner klassischen Variante, pr\u00e4sentiert in einer edlen 100g Violettglasflasche, vereint Eleganz und Funktionalit\u00e4t in einem einzigen Produkt. Das durch einen nat\u00fcrlichen Filterprozess aus dem Tyrrhenischen Meer gewonnene fl\u00fcssige Salz zeichnet sich durch einen niedrigen Natriumgehalt und das Fehlen von Konservierungsstoffen, Mikroplastik oder chemischen Mitteln aus. Die im Meerwasser enthaltenen Mineralien bleiben erhalten und bieten einen intensiven und authentischen Geschmack, w\u00e4hrend gleichzeitig die Natriumaufnahme begrenzt wird.<\/p>\n<p class=\"p1\">Das Violettglas verleiht dem Inhalt nicht nur eine exklusive Optik, sondern sch\u00fctzt ihn auch vor Licht und tr\u00e4gt dazu bei, seine Eigenschaften zu bewahren. Diese L\u00f6sung eignet sich perfekt f\u00fcr besondere Anl\u00e4sse oder l\u00e4sst sich mit einem hochwertigen K\u00fcchenset kombinieren. Die leicht zu dosierende fl\u00fcssige Formel erm\u00f6glicht Ihnen, Gerichte pr\u00e4zise zu w\u00fcrzen und so die f\u00fcr herk\u00f6mmliches Salz typischen Abf\u00e4lle oder \u00dcbersch\u00fcsse zu vermeiden. Ein innovatives Gew\u00fcrz f\u00fcr alle, die ihre Ern\u00e4hrung verbessern m\u00f6chten, ohne auf den Genuss guten Geschmacks zu verzichten.<\/p>","protected":false},"excerpt":{"rendered":"<p class=\"p1\">Fl\u00fcssigsalz-Klassiker in der 100g Violettglasflasche. Dieselbe natriumarme Formel, angereichert mit marinen Spurenelementen. Ein elegantes Format, um mit Stil zu w\u00fcrzen und zu Ihrem t\u00e4glichen Wohlbefinden beizutragen.<\/p>\n<p class=\"p4\">\u2022 Hochwertiges violettes Glasdesign<\/p>\n<p class=\"p4\">\u2022Weniger Natrium, kein Mikroplastik<\/p>\n<p class=\"p4\">\u2022Ideal zum W\u00fcrzen aller Gerichte, vom ersten bis zum zweiten Gang<\/p>","protected":false},"featured_media":573,"template":"","meta":[],"product_brand":[],"product_cat":[16],"product_tag":[],"class_list":{"0":"post-331","1":"product","2":"type-product","3":"status-publish","4":"has-post-thumbnail","6":"product_cat-uncategorized","8":"first","9":"instock","10":"shipping-taxable","11":"purchasable","12":"product-type-simple"},"_links":{"self":[{"href":"https:\/\/liquid-salt.com\/de\/wp-json\/wp\/v2\/product\/331","targetHints":{"allow":["GET"]}}],"collection":[{"href":"https:\/\/liquid-salt.com\/de\/wp-json\/wp\/v2\/product"}],"about":[{"href":"https:\/\/liquid-salt.com\/de\/wp-json\/wp\/v2\/types\/product"}],"wp:featuredmedia":[{"embeddable":true,"href":"https:\/\/liquid-salt.com\/de\/wp-json\/wp\/v2\/media\/573"}],"wp:attachment":[{"href":"https:\/\/liquid-salt.com\/de\/wp-json\/wp\/v2\/media?parent=331"}],"wp:term":[{"taxonomy":"product_brand","embeddable":true,"href":"https:\/\/liquid-salt.com\/de\/wp-json\/wp\/v2\/product_brand?post=331"},{"taxonomy":"product_cat","embeddable":true,"href":"https:\/\/liquid-salt.com\/de\/wp-json\/wp\/v2\/product_cat?post=331"},{"taxonomy":"product_tag","embeddable":true,"href":"https:\/\/liquid-salt.com\/de\/wp-json\/wp\/v2\/product_tag?post=331"}],"curies":[{"name":"wp","href":"https:\/\/api.w.org\/{rel}","templated":true}]}}