{"id":315,"date":"2025-02-16T16:22:04","date_gmt":"2025-02-16T16:22:04","guid":{"rendered":"https:\/\/liquid-salt.com\/?post_type=product&#038;p=315"},"modified":"2025-05-20T08:11:40","modified_gmt":"2025-05-20T07:11:40","slug":"liquid-salt-vetro-100-ml","status":"publish","type":"product","link":"https:\/\/liquid-salt.com\/de\/product\/liquid-salt-vetro-100-ml\/","title":{"rendered":"100 g Satinglasflasche, Sports Series (Spray)"},"content":{"rendered":"<p class=\"p1\">F\u00fcr alle, die eine Balance zwischen Funktionalit\u00e4t und Design suchen, ist die 100-g-Milchglasflasche mit Spr\u00fchspender die ideale Wahl. Fl\u00fcssiges Salz mit niedrigem Natriumgehalt wird in einem eleganten Beh\u00e4lter geliefert, der perfekt auf den Tisch passt und Ihrer K\u00fcche einen Hauch von Stil verleiht. Dank des praktischen Spr\u00fchers geh\u00f6ren ungenaue Dosierungen und das klassische \u00dcberma\u00df an Salz der Vergangenheit an: Jeder Spr\u00fchsto\u00df verteilt die richtige Menge des Produkts gleichm\u00e4\u00dfig und bewahrt so den wahren Geschmack des Meeres.<\/p>\n<p class=\"p1\">Das durch Filterung und Konzentrierung des Wassers aus dem Tyrrhenischen Meer hergestellte Liquid Salt beh\u00e4lt die wichtigsten marinen Spurenelemente bei und bietet somit eine hervorragende Alternative f\u00fcr alle, die ihren Natriumkonsum reduzieren m\u00f6chten. Die Sportserie richtet sich an alle, die sich ein hochwertiges Gew\u00fcrz ohne chemische Zus\u00e4tze und Mikroplastik w\u00fcnschen. Die Milchglasflasche gew\u00e4hrleistet au\u00dferdem eine optimale Konservierung des Produkts und eine raffinierte \u00c4sthetik, ideal, um es auf den Tisch zu bringen und damit Ihre G\u00e4ste zu beeindrucken oder als Geschenk an Liebhaber eines gesunden Lebensstils zu verschenken.<\/p>","protected":false},"excerpt":{"rendered":"<p class=\"p1\">Fl\u00fcssiges Salz in der 100g Milchglasflasche, mit praktischem Spr\u00fchspender. Ein elegantes und kompaktes Format, ideal f\u00fcr den Tisch oder um der K\u00fcche einen Hauch von Stil zu verleihen. Reduziert die Natriumaufnahme ohne Einbu\u00dfen beim Geschmack.<\/p>\n<p class=\"p4\">\u2022Edles Design aus Milchglas<\/p>\n<p class=\"p4\">\u2022 Feine und homogene Verneblung<\/p>\n<p class=\"p4\">\u2022Weniger Natrium, gleicher Geschmack wie herk\u00f6mmliches Salz<\/p>","protected":false},"featured_media":569,"template":"","meta":[],"product_brand":[],"product_cat":[16],"product_tag":[],"class_list":{"0":"post-315","1":"product","2":"type-product","3":"status-publish","4":"has-post-thumbnail","6":"product_cat-uncategorized","8":"first","9":"instock","10":"shipping-taxable","11":"purchasable","12":"product-type-simple"},"_links":{"self":[{"href":"https:\/\/liquid-salt.com\/de\/wp-json\/wp\/v2\/product\/315","targetHints":{"allow":["GET"]}}],"collection":[{"href":"https:\/\/liquid-salt.com\/de\/wp-json\/wp\/v2\/product"}],"about":[{"href":"https:\/\/liquid-salt.com\/de\/wp-json\/wp\/v2\/types\/product"}],"wp:featuredmedia":[{"embeddable":true,"href":"https:\/\/liquid-salt.com\/de\/wp-json\/wp\/v2\/media\/569"}],"wp:attachment":[{"href":"https:\/\/liquid-salt.com\/de\/wp-json\/wp\/v2\/media?parent=315"}],"wp:term":[{"taxonomy":"product_brand","embeddable":true,"href":"https:\/\/liquid-salt.com\/de\/wp-json\/wp\/v2\/product_brand?post=315"},{"taxonomy":"product_cat","embeddable":true,"href":"https:\/\/liquid-salt.com\/de\/wp-json\/wp\/v2\/product_cat?post=315"},{"taxonomy":"product_tag","embeddable":true,"href":"https:\/\/liquid-salt.com\/de\/wp-json\/wp\/v2\/product_tag?post=315"}],"curies":[{"name":"wp","href":"https:\/\/api.w.org\/{rel}","templated":true}]}}