{"id":314,"date":"2025-02-16T16:21:41","date_gmt":"2025-02-16T16:21:41","guid":{"rendered":"https:\/\/liquid-salt.com\/?post_type=product&#038;p=314"},"modified":"2025-05-20T08:12:00","modified_gmt":"2025-05-20T07:12:00","slug":"liquid-salt-250-ml","status":"publish","type":"product","link":"https:\/\/liquid-salt.com\/de\/product\/liquid-salt-250-ml\/","title":{"rendered":"HD PE-Flasche 250g Sports Series (Spray)"},"content":{"rendered":"<p class=\"p1\">Entdecken Sie den Komfort von Fl\u00fcssigsalz in einer 250-g-HD-PE-Flasche mit Spr\u00fchspender, entwickelt f\u00fcr alle, die die W\u00fcrze gleichm\u00e4\u00dfig und schnell verteilen m\u00f6chten. Mit dieser \u201eSpr\u00fch\u201c-Version k\u00f6nnen Sie fl\u00fcssiges Salz direkt auf das Geschirr spr\u00fchen. Dadurch wird eine hervorragende Deckung und eine erhebliche Natriumreduzierung im Vergleich zu herk\u00f6mmlichem Salz gew\u00e4hrleistet. Durch die \u00f6kologisch nachhaltigen Extraktionsprozesse aus dem Tyrrhenischen Meer bleiben wichtige Mineralien wie Magnesium und Kalium erhalten und tragen so zu einem nat\u00fcrlichen und intensiven Geschmack bei.<\/p>\n<p class=\"p1\">Die Sportserie ist auf die Bed\u00fcrfnisse derjenigen zugeschnitten, die einen gesunden und aktiven Lebensstil pflegen oder einfach die Natriumaufnahme in ihrer Ern\u00e4hrung begrenzen m\u00f6chten. Die HD-PE-Flasche ist robust und leicht, auch ideal f\u00fcr unterwegs. Liquid Salt Spray eignet sich perfekt zum sofortigen W\u00fcrzen von Salaten, Grillgerichten oder schnellen Snacks und verleiht eine salzige Note ohne die mit zu viel Salz verbundenen Risiken. Integrieren Sie es in Ihre t\u00e4gliche Routine und genie\u00dfen Sie den Unterschied eines einzigartigen und vielseitigen Produkts.<\/p>","protected":false},"excerpt":{"rendered":"<p class=\"p1\">Fl\u00fcssiges Salz in 250 g HD-PE-Verpackung, ausgestattet mit einem Zerst\u00e4uber. Perfekt f\u00fcr alle, die das Salz gleichm\u00e4\u00dfig auf dem Geschirr verteilen m\u00f6chten. Geringe Natriumbelastung, geeignet f\u00fcr natriumarme Di\u00e4ten oder f\u00fcr diejenigen, die eine ausgewogene Ern\u00e4hrung lieben.<\/p>\n<p class=\"p1\">\u2022 Spr\u00fchspender f\u00fcr gleichm\u00e4\u00dfiges Dosieren<\/p>\n<p class=\"p1\">\u2022Mit umweltfreundlichen Verfahren aus dem Tyrrhenischen Meer gewonnen<\/p>\n<p class=\"p1\">\u2022Fl\u00fcssige Konsistenz, keine Klumpen oder \u00fcbersch\u00fcssiges Salz<\/p>","protected":false},"featured_media":570,"template":"","meta":[],"product_brand":[],"product_cat":[16],"product_tag":[],"class_list":{"0":"post-314","1":"product","2":"type-product","3":"status-publish","4":"has-post-thumbnail","6":"product_cat-uncategorized","8":"first","9":"instock","10":"shipping-taxable","11":"purchasable","12":"product-type-simple"},"_links":{"self":[{"href":"https:\/\/liquid-salt.com\/de\/wp-json\/wp\/v2\/product\/314","targetHints":{"allow":["GET"]}}],"collection":[{"href":"https:\/\/liquid-salt.com\/de\/wp-json\/wp\/v2\/product"}],"about":[{"href":"https:\/\/liquid-salt.com\/de\/wp-json\/wp\/v2\/types\/product"}],"wp:featuredmedia":[{"embeddable":true,"href":"https:\/\/liquid-salt.com\/de\/wp-json\/wp\/v2\/media\/570"}],"wp:attachment":[{"href":"https:\/\/liquid-salt.com\/de\/wp-json\/wp\/v2\/media?parent=314"}],"wp:term":[{"taxonomy":"product_brand","embeddable":true,"href":"https:\/\/liquid-salt.com\/de\/wp-json\/wp\/v2\/product_brand?post=314"},{"taxonomy":"product_cat","embeddable":true,"href":"https:\/\/liquid-salt.com\/de\/wp-json\/wp\/v2\/product_cat?post=314"},{"taxonomy":"product_tag","embeddable":true,"href":"https:\/\/liquid-salt.com\/de\/wp-json\/wp\/v2\/product_tag?post=314"}],"curies":[{"name":"wp","href":"https:\/\/api.w.org\/{rel}","templated":true}]}}