{"id":801,"date":"2025-05-15T06:05:41","date_gmt":"2025-05-15T05:05:41","guid":{"rendered":"https:\/\/liquid-salt.com\/?page_id=801"},"modified":"2025-05-20T08:08:39","modified_gmt":"2025-05-20T07:08:39","slug":"termini-e-condizioni","status":"publish","type":"page","link":"https:\/\/liquid-salt.com\/de\/termini-e-condizioni\/","title":{"rendered":"Gesch\u00e4ftsbedingungen"},"content":{"rendered":"<div data-elementor-type=\"wp-page\" data-elementor-id=\"801\" class=\"elementor elementor-801\">\n\t\t\t\t<div class=\"elementor-element elementor-element-nm1mnetq twbb_section e-flex e-con-boxed e-con e-parent\" data-id=\"nm1mnetq\" data-element_type=\"container\">\n\t\t\t\t\t<div class=\"e-con-inner\">\n\t\t\t\t<div class=\"elementor-element elementor-element-jmyvpvsc elementor-widget__width-initial elementor-widget-mobile__width-inherit elementor-widget-tablet__width-initial elementor-invisible elementor-widget elementor-widget-heading\" data-id=\"jmyvpvsc\" data-element_type=\"widget\" data-settings=\"{&quot;_animation&quot;:&quot;fadeInUp&quot;}\" data-widget_type=\"heading.default\">\n\t\t\t\t<div class=\"elementor-widget-container\">\n\t\t\t\t\t<h1 class=\"elementor-heading-title elementor-size-default\">Gesch\u00e4ftsbedingungen<\/h1>\t\t\t\t<\/div>\n\t\t\t\t<\/div>\n\t\t\t\t\t<\/div>\n\t\t\t\t<\/div>\n\t\t<div class=\"elementor-element elementor-element-stmqa1gz twbb_section e-flex e-con-boxed e-con e-parent\" data-id=\"stmqa1gz\" data-element_type=\"container\">\n\t\t\t\t\t<div class=\"e-con-inner\">\n\t\t\t\t<div class=\"elementor-element elementor-element-ak3rn1c5 elementor-widget__width-initial elementor-widget-mobile__width-inherit elementor-widget-tablet__width-initial elementor-invisible elementor-widget elementor-widget-text-editor\" data-id=\"ak3rn1c5\" data-element_type=\"widget\" data-settings=\"{&quot;_animation&quot;:&quot;fadeInUp&quot;}\" data-widget_type=\"text-editor.default\">\n\t\t\t\t<div class=\"elementor-widget-container\">\n\t\t\t\t\t\t\t\t\t<p data-pm-slice=\"1 1 []\"><strong>1. Allgemeine Informationen<\/strong><br \/>Verk\u00e4ufer: Liquid Salt<br \/>UID: CHE-416.565.592<br \/>Murtenstrasse 14, 3177 Laupen, Bern, Schweiz<br \/>E-Mail: <a>info@liquid-salt.com<\/a><\/p><p><strong>2. Angebotene Produkte<\/strong><br \/>Das verkaufte Produkt ist ein fl\u00fcssiges Salz zum Aufspr\u00fchen auf Lebensmittel, das online \u00fcber die Website verkauft wird <a>www.liquid-salt.com<\/a><\/p><p><strong>3. Preise und Zahlungen<\/strong><br \/>Alle Preise verstehen sich in CHF oder EUR, inklusive Steuern. Folgende Zahlungsarten werden akzeptiert:<\/p><ul data-spread=\"false\"><li><p>Stripe (Kreditkarten)<\/p><\/li><li><p>PayPal<\/p><\/li><\/ul><p><strong>4. Versand<\/strong><br \/>Sendungen erfolgen in die Schweiz und die EU. Lieferzeiten und -kosten werden von poste.ch festgelegt. Indikativ:<\/p><ul data-spread=\"false\"><li><p>Schweiz: 2-4 Werktage<\/p><\/li><li><p>EU: 4-7 Werktage<\/p><\/li><\/ul><p><strong>5. Widerrufsrecht<\/strong><br \/>Der Kunde hat ein Widerrufsrecht innerhalb von 14 Tagen nach Erhalt. Das Produkt muss intakt und unbenutzt sein. Die Kosten der R\u00fccksendung gehen zu Lasten des Kunden, sofern kein Fehler seitens des Verk\u00e4ufers vorliegt.<\/p><p><strong>6. Besch\u00e4digte oder verlorene Produkte<\/strong><br \/>Im Falle einer Besch\u00e4digung oder eines Verlustes kann der Kunde Folgendes verlangen:<\/p><ul data-spread=\"false\"><li><p>Eine neue Produktlieferung<\/p><\/li><li><p>Volle R\u00fcckerstattung<\/p><\/li><\/ul><p><strong>7. Beschwerden und Kundendienst<\/strong><br \/>Bei Fragen oder Beschwerden k\u00f6nnen Sie sich per E-Mail an den Kundendienst wenden: <a>info@liquid-salt.com<\/a><\/p><p><strong>8. Anwendbares Recht und Gerichtsstand<\/strong><br \/>Diese Bedingungen unterliegen schweizerischem Recht. F\u00fcr alle Streitigkeiten ist das Gericht in Bern zust\u00e4ndig, sofern nichts anderes schriftlich vereinbart wurde.<\/p><p><strong>9. \u00c4nderungen der Bedingungen<\/strong><br \/>Liquid Salt beh\u00e4lt sich das Recht vor, diese Bedingungen zu \u00e4ndern. Die \u00c4nderungen gelten ab dem Datum der Ver\u00f6ffentlichung auf der Site.<\/p>\t\t\t\t\t\t\t\t<\/div>\n\t\t\t\t<\/div>\n\t\t\t\t\t<\/div>\n\t\t\t\t<\/div>\n\t\t\t\t<\/div>","protected":false},"excerpt":{"rendered":"<p>Termini e Condizioni 1. Informazioni generaliVenditore: Liquid SaltUID: CHE-416.565.592Murtenstrasse 14, 3177 Laupen, Bern, SwitzerlandEmail: info@liquid-salt.com 2. Prodotti offertiIl prodotto venduto \u00e8 un sale liquido da spruzzare su alimenti, venduto online tramite il sito www.liquid-salt.com 3. Prezzi e pagamentiTutti i prezzi sono espressi in CHF o EUR, tasse incluse. Sono accettati i seguenti metodi di pagamento: [&hellip;]<\/p>","protected":false},"author":2,"featured_media":0,"parent":0,"menu_order":0,"comment_status":"closed","ping_status":"closed","template":"","meta":{"two_page_speed":[],"footnotes":""},"class_list":["post-801","page","type-page","status-publish","hentry"],"_links":{"self":[{"href":"https:\/\/liquid-salt.com\/de\/wp-json\/wp\/v2\/pages\/801","targetHints":{"allow":["GET"]}}],"collection":[{"href":"https:\/\/liquid-salt.com\/de\/wp-json\/wp\/v2\/pages"}],"about":[{"href":"https:\/\/liquid-salt.com\/de\/wp-json\/wp\/v2\/types\/page"}],"author":[{"embeddable":true,"href":"https:\/\/liquid-salt.com\/de\/wp-json\/wp\/v2\/users\/2"}],"replies":[{"embeddable":true,"href":"https:\/\/liquid-salt.com\/de\/wp-json\/wp\/v2\/comments?post=801"}],"version-history":[{"count":0,"href":"https:\/\/liquid-salt.com\/de\/wp-json\/wp\/v2\/pages\/801\/revisions"}],"wp:attachment":[{"href":"https:\/\/liquid-salt.com\/de\/wp-json\/wp\/v2\/media?parent=801"}],"curies":[{"name":"wp","href":"https:\/\/api.w.org\/{rel}","templated":true}]}}