{"id":795,"date":"2025-05-15T06:04:01","date_gmt":"2025-05-15T05:04:01","guid":{"rendered":"https:\/\/liquid-salt.com\/?page_id=795"},"modified":"2025-05-15T06:04:45","modified_gmt":"2025-05-15T05:04:45","slug":"cookie-policy","status":"publish","type":"page","link":"https:\/\/liquid-salt.com\/de\/cookie-policy\/","title":{"rendered":"Cookie-Richtlinie"},"content":{"rendered":"<div data-elementor-type=\"wp-page\" data-elementor-id=\"795\" class=\"elementor elementor-795\">\n\t\t\t\t<div class=\"elementor-element elementor-element-nm1mnetq twbb_section e-flex e-con-boxed e-con e-parent\" data-id=\"nm1mnetq\" data-element_type=\"container\">\n\t\t\t\t\t<div class=\"e-con-inner\">\n\t\t\t\t<div class=\"elementor-element elementor-element-jmyvpvsc elementor-widget__width-initial elementor-widget-mobile__width-inherit elementor-widget-tablet__width-initial elementor-invisible elementor-widget elementor-widget-heading\" data-id=\"jmyvpvsc\" data-element_type=\"widget\" data-settings=\"{&quot;_animation&quot;:&quot;fadeInUp&quot;}\" data-widget_type=\"heading.default\">\n\t\t\t\t<div class=\"elementor-widget-container\">\n\t\t\t\t\t<h1 class=\"elementor-heading-title elementor-size-default\">Cookie-Richtlinie<\/h1>\t\t\t\t<\/div>\n\t\t\t\t<\/div>\n\t\t\t\t\t<\/div>\n\t\t\t\t<\/div>\n\t\t<div class=\"elementor-element elementor-element-stmqa1gz twbb_section e-flex e-con-boxed e-con e-parent\" data-id=\"stmqa1gz\" data-element_type=\"container\">\n\t\t\t\t\t<div class=\"e-con-inner\">\n\t\t\t\t<div class=\"elementor-element elementor-element-ak3rn1c5 elementor-widget__width-initial elementor-widget-mobile__width-inherit elementor-widget-tablet__width-initial elementor-invisible elementor-widget elementor-widget-text-editor\" data-id=\"ak3rn1c5\" data-element_type=\"widget\" data-settings=\"{&quot;_animation&quot;:&quot;fadeInUp&quot;}\" data-widget_type=\"text-editor.default\">\n\t\t\t\t<div class=\"elementor-widget-container\">\n\t\t\t\t\t\t\t\t\t<p data-pm-slice=\"1 1 []\"><strong>1. Was sind Cookies?<\/strong><br \/>Cookies sind kleine Dateien, die von einer besuchten Website an den Browser des Benutzers gesendet werden und die Funktion der Website oder die Verbesserung der angebotenen Dienste erm\u00f6glichen.<\/p><p><strong>2. Arten der verwendeten Cookies<\/strong><\/p><ul data-spread=\"false\"><li><p><strong>Technische Cookies<\/strong>: zwingend erforderlich f\u00fcr die Navigation (z. B. Warenkorb, Login, Spracheinstellungen).<\/p><\/li><li><p><strong>Cookies analytisch<\/strong>: Erfasst anonym Daten zur Analyse des Nutzerverhaltens (Google Analytics).<\/p><\/li><li><p><strong>Marketing-\/Profiling-Cookies<\/strong>: wird verwendet, um personalisierte Inhalte und Werbung anzubieten (Metapixel).<\/p><\/li><\/ul><p><strong>3. Einwilligungsmanagement<\/strong><br \/>Eine Consent Management Plattform (CMP) ist aktuell nicht vorhanden, es wird jedoch ein Hinweisbanner angezeigt. Indem Sie weiter surfen, akzeptieren Sie Cookies.<\/p><p><strong>4. So deaktivieren Sie Cookies<\/strong><br \/>Sie k\u00f6nnen Ihre Browsereinstellungen \u00e4ndern, um Cookies zu blockieren oder zu l\u00f6schen. Konsultieren Sie den Abschnitt \u201eHilfe\u201c des von Ihnen verwendeten Browsers.<\/p><p><strong>5. Cookies von Drittanbietern<\/strong><br \/>Einige Cookies werden von Drittanbietern installiert:<\/p><ul data-spread=\"false\"><li><p>Google (Google Analytics): <a>https:\/\/policies.google.com\/privacy<\/a><\/p><\/li><li><p>Meta (Facebook Pixel): <a>https:\/\/www.facebook.com\/policies\/cookies\/<\/a><\/p><\/li><\/ul><p><strong>6. Dauer der Speicherung von Cookies<\/strong><br \/>Cookies k\u00f6nnen sein:<\/p><ul data-spread=\"false\"><li><p><strong>Der Sitzung<\/strong>: Sie werden gel\u00f6scht, wenn der Browser geschlossen wird<\/p><\/li><li><p><strong>Hartn\u00e4ckig<\/strong>: bleiben auch nach Schlie\u00dfen des Browsers gespeichert (bis zu 24 Monate)<\/p><\/li><\/ul><p><strong>7. Aktualisierungen<\/strong><br \/>Diese Cookie-Richtlinie kann aktualisiert werden. Alle \u00c4nderungen werden auf dieser Seite ver\u00f6ffentlicht.<\/p>\t\t\t\t\t\t\t\t<\/div>\n\t\t\t\t<\/div>\n\t\t\t\t\t<\/div>\n\t\t\t\t<\/div>\n\t\t\t\t<\/div>","protected":false},"excerpt":{"rendered":"<p>Cookie Policy 1. Cosa sono i cookieI cookie sono piccoli file inviati al browser dell&#8217;utente da un sito web visitato, che permettono al sito di funzionare o di migliorare i servizi offerti. 2. Tipologie di cookie utilizzati Cookie tecnici: essenziali per la navigazione (es. carrello, login, preferenze lingua). Cookie analitici: raccolgono dati in forma anonima [&hellip;]<\/p>","protected":false},"author":2,"featured_media":0,"parent":0,"menu_order":0,"comment_status":"closed","ping_status":"closed","template":"","meta":{"two_page_speed":[],"footnotes":""},"class_list":["post-795","page","type-page","status-publish","hentry"],"_links":{"self":[{"href":"https:\/\/liquid-salt.com\/de\/wp-json\/wp\/v2\/pages\/795","targetHints":{"allow":["GET"]}}],"collection":[{"href":"https:\/\/liquid-salt.com\/de\/wp-json\/wp\/v2\/pages"}],"about":[{"href":"https:\/\/liquid-salt.com\/de\/wp-json\/wp\/v2\/types\/page"}],"author":[{"embeddable":true,"href":"https:\/\/liquid-salt.com\/de\/wp-json\/wp\/v2\/users\/2"}],"replies":[{"embeddable":true,"href":"https:\/\/liquid-salt.com\/de\/wp-json\/wp\/v2\/comments?post=795"}],"version-history":[{"count":0,"href":"https:\/\/liquid-salt.com\/de\/wp-json\/wp\/v2\/pages\/795\/revisions"}],"wp:attachment":[{"href":"https:\/\/liquid-salt.com\/de\/wp-json\/wp\/v2\/media?parent=795"}],"curies":[{"name":"wp","href":"https:\/\/api.w.org\/{rel}","templated":true}]}}