{"id":270,"date":"2025-02-16T15:34:42","date_gmt":"2025-02-16T15:34:42","guid":{"rendered":"https:\/\/liquid-salt.com\/?page_id=270"},"modified":"2026-01-03T07:05:59","modified_gmt":"2026-01-03T06:05:59","slug":"chi-siamo","status":"publish","type":"page","link":"https:\/\/liquid-salt.com\/de\/chi-siamo\/","title":{"rendered":"\u00dcber uns"},"content":{"rendered":"<div data-elementor-type=\"wp-page\" data-elementor-id=\"270\" class=\"elementor elementor-270\">\n\t\t\t\t<div class=\"elementor-element elementor-element-268f27a4 twbb_section twbb_about_1_3_1 e-flex e-con-boxed e-con e-parent\" data-id=\"268f27a4\" data-element_type=\"container\" data-settings=\"{&quot;background_background&quot;:&quot;classic&quot;}\">\n\t\t\t\t\t<div class=\"e-con-inner\">\n\t\t<div class=\"elementor-element elementor-element-a1991f8 e-con-full e-flex e-con e-child\" data-id=\"a1991f8\" data-element_type=\"container\">\n\t\t\t\t<div class=\"elementor-element elementor-element-75efc38b elementor-widget__width-initial elementor-widget-mobile__width-inherit elementor-widget-tablet__width-initial elementor-invisible elementor-widget elementor-widget-heading\" data-id=\"75efc38b\" data-element_type=\"widget\" data-settings=\"{&quot;_animation&quot;:&quot;fadeInUp&quot;}\" data-widget_type=\"heading.default\">\n\t\t\t\t<div class=\"elementor-widget-container\">\n\t\t\t\t\t<h2 class=\"elementor-heading-title elementor-size-default\">Die Geschichte<\/h2>\t\t\t\t<\/div>\n\t\t\t\t<\/div>\n\t\t\t\t<div class=\"elementor-element elementor-element-19864cdd elementor-widget__width-initial elementor-widget-mobile__width-inherit elementor-widget-tablet__width-initial elementor-invisible elementor-widget elementor-widget-text-editor\" data-id=\"19864cdd\" data-element_type=\"widget\" data-settings=\"{&quot;_animation&quot;:&quot;fadeInUp&quot;}\" data-widget_type=\"text-editor.default\">\n\t\t\t\t<div class=\"elementor-widget-container\">\n\t\t\t\t\t\t\t\t\t<p>Das Liquid Salt-Projekt entstand 2018 aus einer ebenso einfachen wie revolution\u00e4ren Intuition: ein innovatives und gesundes Salz zu entwickeln, das in der Lage ist, \u00fcbersch\u00fcssiges Natrium in der K\u00fcche zu reduzieren, ohne den Geschmack zu beeintr\u00e4chtigen.<br \/>Paolo, ein ehemaliger Unternehmer mit einer k\u00fchnen Vision, die anfangs von allen f\u00fcr verr\u00fcckt gehalten wurde, wollte eine alte, stillgelegte Wasseraufbereitungsanlage wiederbeleben. Paolo glaubt an dieses neue Projekt und wendet sich an einen ihm bekannten Chemieingenieur.<br \/>Das Werk wurde komplett neu aufgebaut, und zwischen den beiden entstand eine enge Zusammenarbeit und im Laufe der Zeit eine Freundschaft.<\/p>\t\t\t\t\t\t\t\t<\/div>\n\t\t\t\t<\/div>\n\t\t\t\t<\/div>\n\t\t\t\t<div class=\"elementor-element elementor-element-mfx3ffu elementor-widget elementor-widget-video\" data-id=\"mfx3ffu\" data-element_type=\"widget\" data-settings=\"{&quot;video_type&quot;:&quot;hosted&quot;,&quot;autoplay&quot;:&quot;yes&quot;,&quot;play_on_mobile&quot;:&quot;yes&quot;,&quot;mute&quot;:&quot;yes&quot;,&quot;loop&quot;:&quot;yes&quot;}\" data-widget_type=\"video.default\">\n\t\t\t\t<div class=\"elementor-widget-container\">\n\t\t\t\t\t\t\t<div class=\"e-hosted-video elementor-wrapper elementor-open-inline\">\n\t\t\t\t\t<video class=\"elementor-video\" src=\"https:\/\/liquid-salt.com\/wp-content\/uploads\/2025\/02\/Standard_Mode_16x9_display_the_subject_on_the_sand_-1.mp4\" autoplay=\"\" loop=\"\" muted=\"muted\" playsinline=\"\" controlslist=\"nodownload\"><\/video>\n\t\t\t\t<\/div>\n\t\t\t\t\t\t<\/div>\n\t\t\t\t<\/div>\n\t\t\t\t\t<\/div>\n\t\t\t\t<\/div>\n\t\t<div class=\"elementor-element elementor-element-244882a9 twbb_section e-flex e-con-boxed e-con e-parent\" data-id=\"244882a9\" data-element_type=\"container\">\n\t\t\t\t\t<div class=\"e-con-inner\">\n\t\t\t\t<div class=\"elementor-element elementor-element-79a8eb5e elementor-widget__width-initial elementor-widget-mobile__width-inherit elementor-widget-tablet__width-initial elementor-invisible elementor-widget elementor-widget-text-editor\" data-id=\"79a8eb5e\" data-element_type=\"widget\" data-settings=\"{&quot;_animation&quot;:&quot;fadeInUp&quot;}\" data-widget_type=\"text-editor.default\">\n\t\t\t\t<div class=\"elementor-widget-container\">\n\t\t\t\t\t\t\t\t\t<p><strong>Liquid Salt ist viel mehr als ein Produkt:<\/strong><br \/>Es ist eine Vision, die Gesundheit, Geschmack und Respekt f\u00fcr das Meer vereint.<br \/>Es ist eine Geschichte \u00fcber Familie, Freundschaft und Mut.<br \/>Es ist ein Erbe, das in Innovation umgewandelt wurde.<\/p>\t\t\t\t\t\t\t\t<\/div>\n\t\t\t\t<\/div>\n\t\t\t\t\t<\/div>\n\t\t\t\t<\/div>\n\t\t<div class=\"elementor-element elementor-element-d2f6b0f twbb_section twbb_about_1_3_1 e-flex e-con-boxed e-con e-parent\" data-id=\"d2f6b0f\" data-element_type=\"container\" data-settings=\"{&quot;background_background&quot;:&quot;classic&quot;}\">\n\t\t\t\t\t<div class=\"e-con-inner\">\n\t\t<div class=\"elementor-element elementor-element-fedd1fa e-con-full e-flex e-con e-child\" data-id=\"fedd1fa\" data-element_type=\"container\">\n\t\t\t\t<div class=\"elementor-element elementor-element-82cb715 elementor-widget__width-initial elementor-widget-mobile__width-inherit elementor-widget-tablet__width-initial elementor-invisible elementor-widget elementor-widget-heading\" data-id=\"82cb715\" data-element_type=\"widget\" data-settings=\"{&quot;_animation&quot;:&quot;fadeInUp&quot;}\" data-widget_type=\"heading.default\">\n\t\t\t\t<div class=\"elementor-widget-container\">\n\t\t\t\t\t<h2 class=\"elementor-heading-title elementor-size-default\">Die Abreise<\/h2>\t\t\t\t<\/div>\n\t\t\t\t<\/div>\n\t\t\t\t<div class=\"elementor-element elementor-element-d96d294 elementor-widget__width-initial elementor-widget-mobile__width-inherit elementor-widget-tablet__width-initial elementor-invisible elementor-widget elementor-widget-text-editor\" data-id=\"d96d294\" data-element_type=\"widget\" data-settings=\"{&quot;_animation&quot;:&quot;fadeInUp&quot;}\" data-widget_type=\"text-editor.default\">\n\t\t\t\t<div class=\"elementor-widget-container\">\n\t\t\t\t\t\t\t\t\t<p>In den ersten beiden Jahren gibt es, wie bei jedem Unternehmen und jeder Vision, viel zu tun.<br \/>Paolo modernisiert die Anlage, um das erste fl\u00fcssige Meersalz herzustellen: ein Produkt mit 751 \u00b5g\/l weniger Natrium, das marine Spurenelemente bewahrt und frei von Mikroplastik und Zusatzstoffen ist. Eine echte Innovation: Dank seiner fl\u00fcssigen Form verteilt es sich gleichm\u00e4\u00dfig und ist somit ideal f\u00fcr den privaten und gewerblichen Gebrauch.<br \/>Im Jahr 2020 wurde der erste Container ins Ausland verschifft und markierte damit den Beginn der internationalen Expansion. Von da an gewann das Projekt an Dynamik: Restaurants in den Vereinigten Staaten begannen, Liquid Salt als individuell angepasstes Produkt unter ihrer eigenen Marke zu verwenden, und auch aus Saudi-Arabien kamen erste Anfragen.<br \/>Heute, nach Paolos fr\u00fchem Tod, wird das Projekt mit demselben Innovationsgeist und derselben Leidenschaft fortgef\u00fchrt und von seiner Tochter Laura weitergef\u00fchrt, die in der deutschsprachigen Schweiz lebt. Im Januar 2025, genau ein Jahr nach dem Verlust ihres Vaters, gr\u00fcndete Laura offiziell<br \/>Fl\u00fcssiges Salz.<\/p>\t\t\t\t\t\t\t\t<\/div>\n\t\t\t\t<\/div>\n\t\t\t\t<\/div>\n\t\t<div class=\"elementor-element elementor-element-291c1e2 e-con-full e-flex e-con e-child\" data-id=\"291c1e2\" data-element_type=\"container\">\n\t\t\t\t<div class=\"elementor-element elementor-element-2948a66 elementor-widget elementor-widget-image\" data-id=\"2948a66\" data-element_type=\"widget\" data-widget_type=\"image.default\">\n\t\t\t\t<div class=\"elementor-widget-container\">\n\t\t\t\t\t\t\t\t\t\t\t\t\t\t\t<img fetchpriority=\"high\" decoding=\"async\" width=\"640\" height=\"640\" src=\"https:\/\/liquid-salt.com\/wp-content\/uploads\/2025\/11\/paolo-liquid.png\" class=\"attachment-large size-large wp-image-1237\" alt=\"\" srcset=\"https:\/\/liquid-salt.com\/wp-content\/uploads\/2025\/11\/paolo-liquid.png 1024w, https:\/\/liquid-salt.com\/wp-content\/uploads\/2025\/11\/paolo-liquid-300x300.png 300w, https:\/\/liquid-salt.com\/wp-content\/uploads\/2025\/11\/paolo-liquid-150x150.png 150w, https:\/\/liquid-salt.com\/wp-content\/uploads\/2025\/11\/paolo-liquid-768x768.png 768w, https:\/\/liquid-salt.com\/wp-content\/uploads\/2025\/11\/paolo-liquid-12x12.png 12w, https:\/\/liquid-salt.com\/wp-content\/uploads\/2025\/11\/paolo-liquid-600x600.png 600w, https:\/\/liquid-salt.com\/wp-content\/uploads\/2025\/11\/paolo-liquid-800x800.png 800w, https:\/\/liquid-salt.com\/wp-content\/uploads\/2025\/11\/paolo-liquid-100x100.png 100w\" sizes=\"(max-width: 640px) 100vw, 640px\" \/>\t\t\t\t\t\t\t\t\t\t\t\t\t\t\t<\/div>\n\t\t\t\t<\/div>\n\t\t\t\t<div class=\"elementor-element elementor-element-040246e elementor-widget elementor-widget-text-editor\" data-id=\"040246e\" data-element_type=\"widget\" data-widget_type=\"text-editor.default\">\n\t\t\t\t<div class=\"elementor-widget-container\">\n\t\t\t\t\t\t\t\t\t<p>Toskana, August 2020 \u2013 Der erste internationale Auftrag wird erteilt<\/p>\t\t\t\t\t\t\t\t<\/div>\n\t\t\t\t<\/div>\n\t\t\t\t<\/div>\n\t\t\t\t\t<\/div>\n\t\t\t\t<\/div>\n\t\t<div class=\"elementor-element elementor-element-3094395 twbb_section twbb_about_1_3_1 e-flex e-con-boxed e-con e-parent\" data-id=\"3094395\" data-element_type=\"container\" data-settings=\"{&quot;background_background&quot;:&quot;classic&quot;}\">\n\t\t\t\t\t<div class=\"e-con-inner\">\n\t\t<div class=\"elementor-element elementor-element-e7a201f e-con-full e-flex e-con e-child\" data-id=\"e7a201f\" data-element_type=\"container\">\n\t\t\t\t<div class=\"elementor-element elementor-element-dc53fc1 elementor-widget__width-initial elementor-widget-mobile__width-inherit elementor-widget-tablet__width-initial elementor-invisible elementor-widget elementor-widget-heading\" data-id=\"dc53fc1\" data-element_type=\"widget\" data-settings=\"{&quot;_animation&quot;:&quot;fadeInUp&quot;}\" data-widget_type=\"heading.default\">\n\t\t\t\t<div class=\"elementor-widget-container\">\n\t\t\t\t\t<h2 class=\"elementor-heading-title elementor-size-default\">Ein neuer Anfang<\/h2>\t\t\t\t<\/div>\n\t\t\t\t<\/div>\n\t\t\t\t<div class=\"elementor-element elementor-element-daf4edc elementor-widget__width-initial elementor-widget-mobile__width-inherit elementor-widget-tablet__width-initial elementor-invisible elementor-widget elementor-widget-text-editor\" data-id=\"daf4edc\" data-element_type=\"widget\" data-settings=\"{&quot;_animation&quot;:&quot;fadeInUp&quot;}\" data-widget_type=\"text-editor.default\">\n\t\t\t\t<div class=\"elementor-widget-container\">\n\t\t\t\t\t\t\t\t\t<p>Laura hat die Unternehmerseele von ihrem Vater geerbt: Sie ist dynamisch, zielstrebig und zutiefst motiviert, das Versprechen zu halten, das sie ihm bei ihrem letzten Treffen gegeben hat. Mit einem soliden Managementhintergrund in Wellness-Zentren in Luxushotels und als Linguistin und Projektmanagerin f\u00fcr Italienisch in einer internationalen NGO leitet sie heute Liquid Salt mit Blick auf die Zukunft und f\u00fchrt ein Erbe aus Werten, Visionen, Innovation und Respekt f\u00fcr die Wurzeln des Unternehmens weiter.<\/p><p>Mein Vater hat mich jahrelang gebeten, ein Unternehmen zu gr\u00fcnden und mit dem Fl\u00fcssigsalzprojekt von Grund auf neu anzufangen und den Markt, in dem ich t\u00e4tig war, zu studieren. Es ist mir eine Ehre, weiterhin etwas Gutes f\u00fcr die Menschen aufbauen zu k\u00f6nnen, und ich nehme die Herausforderung im neuen Schweizer und europ\u00e4ischen Markt zuversichtlich an. Ich glaube, er hat mir das Sch\u00f6nste hinterlassen, was Eltern ihren Kindern hinterlassen k\u00f6nnen: Visionen und Tr\u00e4ume.<\/p>\t\t\t\t\t\t\t\t<\/div>\n\t\t\t\t<\/div>\n\t\t\t\t<\/div>\n\t\t<div class=\"elementor-element elementor-element-c0c5018 e-con-full e-flex e-con e-child\" data-id=\"c0c5018\" data-element_type=\"container\">\n\t\t\t\t<div class=\"elementor-element elementor-element-1e35060 elementor-widget elementor-widget-image\" data-id=\"1e35060\" data-element_type=\"widget\" data-widget_type=\"image.default\">\n\t\t\t\t<div class=\"elementor-widget-container\">\n\t\t\t\t\t\t\t\t\t\t\t\t\t\t\t<img decoding=\"async\" width=\"374\" height=\"500\" src=\"https:\/\/liquid-salt.com\/wp-content\/uploads\/2025\/05\/tedino.png\" class=\"attachment-full size-full wp-image-1001\" alt=\"\" srcset=\"https:\/\/liquid-salt.com\/wp-content\/uploads\/2025\/05\/tedino.png 374w, https:\/\/liquid-salt.com\/wp-content\/uploads\/2025\/05\/tedino-224x300.png 224w, https:\/\/liquid-salt.com\/wp-content\/uploads\/2025\/05\/tedino-9x12.png 9w\" sizes=\"(max-width: 374px) 100vw, 374px\" \/>\t\t\t\t\t\t\t\t\t\t\t\t\t\t\t<\/div>\n\t\t\t\t<\/div>\n\t\t\t\t<\/div>\n\t\t\t\t\t<\/div>\n\t\t\t\t<\/div>\n\t\t<div class=\"elementor-element elementor-element-80a0267 twbb_section e-flex e-con-boxed e-con e-parent\" data-id=\"80a0267\" data-element_type=\"container\">\n\t\t\t\t\t<div class=\"e-con-inner\">\n\t\t<div class=\"elementor-element elementor-element-12cab84 e-con-full e-flex e-con e-child\" data-id=\"12cab84\" data-element_type=\"container\">\n\t\t\t\t<div class=\"elementor-element elementor-element-6ef40e8 elementor-widget__width-initial elementor-widget-mobile__width-inherit elementor-widget-tablet__width-initial elementor-view-default elementor-position-top elementor-mobile-position-top elementor-widget elementor-widget-icon-box\" data-id=\"6ef40e8\" data-element_type=\"widget\" data-widget_type=\"icon-box.default\">\n\t\t\t\t<div class=\"elementor-widget-container\">\n\t\t\t\t\t\t\t<div class=\"elementor-icon-box-wrapper\">\n\n\t\t\t\t\t\t<div class=\"elementor-icon-box-icon\">\n\t\t\t\t<span  class=\"elementor-icon\">\n\t\t\t\t<svg aria-hidden=\"true\" class=\"e-font-icon-svg e-fas-heartbeat\" viewbox=\"0 0 512 512\" xmlns=\"http:\/\/www.w3.org\/2000\/svg\"><path d=\"M320.2 243.8l-49.7 99.4c-6 12.1-23.4 11.7-28.9-.6l-56.9-126.3-30 71.7H60.6l182.5 186.5c7.1 7.3 18.6 7.3 25.7 0L451.4 288H342.3l-22.1-44.2zM473.7 73.9l-2.4-2.5c-51.5-52.6-135.8-52.6-187.4 0L256 100l-27.9-28.5c-51.5-52.7-135.9-52.7-187.4 0l-2.4 2.4C-10.4 123.7-12.5 203 31 256h102.4l35.9-86.2c5.4-12.9 23.6-13.2 29.4-.4l58.2 129.3 49-97.9c5.9-11.8 22.7-11.8 28.6 0l27.6 55.2H481c43.5-53 41.4-132.3-7.3-182.1z\"><\/path><\/svg>\t\t\t\t<\/span>\n\t\t\t<\/div>\n\t\t\t\n\t\t\t\t\t\t<div class=\"elementor-icon-box-content\">\n\n\t\t\t\t\t\t\t\t\t<h4 class=\"elementor-icon-box-title\">\n\t\t\t\t\t\t<span  >\n\t\t\t\t\t\t\tGesundheit\t\t\t\t\t\t<\/span>\n\t\t\t\t\t<\/h4>\n\t\t\t\t\n\t\t\t\t\t\t\t\t\t<p class=\"elementor-icon-box-description\">\n\t\t\t\t\t\tWir f\u00f6rdern eine gesunde und ausgewogene Ern\u00e4hrung zur Verbesserung des allgemeinen Wohlbefindens.\t\t\t\t\t<\/p>\n\t\t\t\t\n\t\t\t<\/div>\n\t\t\t\n\t\t<\/div>\n\t\t\t\t\t\t<\/div>\n\t\t\t\t<\/div>\n\t\t\t\t<div class=\"elementor-element elementor-element-79abbe0 elementor-widget__width-initial elementor-widget-mobile__width-inherit elementor-widget-tablet__width-initial elementor-view-default elementor-position-top elementor-mobile-position-top elementor-widget elementor-widget-icon-box\" data-id=\"79abbe0\" data-element_type=\"widget\" data-widget_type=\"icon-box.default\">\n\t\t\t\t<div class=\"elementor-widget-container\">\n\t\t\t\t\t\t\t<div class=\"elementor-icon-box-wrapper\">\n\n\t\t\t\t\t\t<div class=\"elementor-icon-box-icon\">\n\t\t\t\t<span  class=\"elementor-icon\">\n\t\t\t\t<svg aria-hidden=\"true\" class=\"e-font-icon-svg e-fas-leaf\" viewbox=\"0 0 576 512\" xmlns=\"http:\/\/www.w3.org\/2000\/svg\"><path d=\"M546.2 9.7c-5.6-12.5-21.6-13-28.3-1.2C486.9 62.4 431.4 96 368 96h-80C182 96 96 182 96 288c0 7 .8 13.7 1.5 20.5C161.3 262.8 253.4 224 384 224c8.8 0 16 7.2 16 16s-7.2 16-16 16C132.6 256 26 410.1 2.4 468c-6.6 16.3 1.2 34.9 17.5 41.6 16.4 6.8 35-1.1 41.8-17.3 1.5-3.6 20.9-47.9 71.9-90.6 32.4 43.9 94 85.8 174.9 77.2C465.5 467.5 576 326.7 576 154.3c0-50.2-10.8-102.2-29.8-144.6z\"><\/path><\/svg>\t\t\t\t<\/span>\n\t\t\t<\/div>\n\t\t\t\n\t\t\t\t\t\t<div class=\"elementor-icon-box-content\">\n\n\t\t\t\t\t\t\t\t\t<h4 class=\"elementor-icon-box-title\">\n\t\t\t\t\t\t<span  >\n\t\t\t\t\t\t\tNatur\t\t\t\t\t\t<\/span>\n\t\t\t\t\t<\/h4>\n\t\t\t\t\n\t\t\t\t\t\t\t\t\t<p class=\"elementor-icon-box-description\">\n\t\t\t\t\t\tUnsere Prozesse respektieren die Umwelt und nutzen nat\u00fcrliche Ressourcen auf nachhaltige Weise.\t\t\t\t\t<\/p>\n\t\t\t\t\n\t\t\t<\/div>\n\t\t\t\n\t\t<\/div>\n\t\t\t\t\t\t<\/div>\n\t\t\t\t<\/div>\n\t\t\t\t<div class=\"elementor-element elementor-element-30417e4 elementor-widget__width-initial elementor-widget-mobile__width-inherit elementor-widget-tablet__width-initial elementor-view-default elementor-position-top elementor-mobile-position-top elementor-widget elementor-widget-icon-box\" data-id=\"30417e4\" data-element_type=\"widget\" data-widget_type=\"icon-box.default\">\n\t\t\t\t<div class=\"elementor-widget-container\">\n\t\t\t\t\t\t\t<div class=\"elementor-icon-box-wrapper\">\n\n\t\t\t\t\t\t<div class=\"elementor-icon-box-icon\">\n\t\t\t\t<span  class=\"elementor-icon\">\n\t\t\t\t<svg aria-hidden=\"true\" class=\"e-font-icon-svg e-fas-flask\" viewbox=\"0 0 448 512\" xmlns=\"http:\/\/www.w3.org\/2000\/svg\"><path d=\"M437.2 403.5L320 215V64h8c13.3 0 24-10.7 24-24V24c0-13.3-10.7-24-24-24H120c-13.3 0-24 10.7-24 24v16c0 13.3 10.7 24 24 24h8v151L10.8 403.5C-18.5 450.6 15.3 512 70.9 512h306.2c55.7 0 89.4-61.5 60.1-108.5zM137.9 320l48.2-77.6c3.7-5.2 5.8-11.6 5.8-18.4V64h64v160c0 6.9 2.2 13.2 5.8 18.4l48.2 77.6h-172z\"><\/path><\/svg>\t\t\t\t<\/span>\n\t\t\t<\/div>\n\t\t\t\n\t\t\t\t\t\t<div class=\"elementor-icon-box-content\">\n\n\t\t\t\t\t\t\t\t\t<h4 class=\"elementor-icon-box-title\">\n\t\t\t\t\t\t<span  >\n\t\t\t\t\t\t\tForschung\t\t\t\t\t\t<\/span>\n\t\t\t\t\t<\/h4>\n\t\t\t\t\n\t\t\t\t\t\t\t\t\t<p class=\"elementor-icon-box-description\">\n\t\t\t\t\t\tWir investieren in Forschung, um hohe Qualit\u00e4t und innovative Produkte sicherzustellen.\t\t\t\t\t<\/p>\n\t\t\t\t\n\t\t\t<\/div>\n\t\t\t\n\t\t<\/div>\n\t\t\t\t\t\t<\/div>\n\t\t\t\t<\/div>\n\t\t\t\t<\/div>\n\t\t\t\t\t<\/div>\n\t\t\t\t<\/div>\n\t\t<div class=\"elementor-element elementor-element-33805b3 twbb_section e-flex e-con-boxed e-con e-parent\" data-id=\"33805b3\" data-element_type=\"container\" data-settings=\"{&quot;background_background&quot;:&quot;classic&quot;,&quot;background_motion_fx_motion_fx_scrolling&quot;:&quot;yes&quot;,&quot;background_motion_fx_scale_effect&quot;:&quot;yes&quot;,&quot;background_motion_fx_scale_speed&quot;:{&quot;unit&quot;:&quot;px&quot;,&quot;size&quot;:7,&quot;sizes&quot;:[]},&quot;background_motion_fx_scale_direction&quot;:&quot;out-in&quot;,&quot;background_motion_fx_scale_range&quot;:{&quot;unit&quot;:&quot;%&quot;,&quot;size&quot;:&quot;&quot;,&quot;sizes&quot;:{&quot;start&quot;:20,&quot;end&quot;:80}},&quot;background_motion_fx_devices&quot;:[&quot;desktop&quot;,&quot;tablet&quot;,&quot;mobile&quot;]}\">\n\t\t\t\t\t<div class=\"e-con-inner\">\n\t\t\t\t<div class=\"elementor-element elementor-element-616cbb2 elementor-widget__width-initial elementor-widget-mobile__width-inherit elementor-widget-tablet__width-initial twbb_cta-button-wrapper-center twbb_cta-valign-align-top twbb_cta-button-wrapper-center twbb_cta-button-wrapper-center twbb_cta-position-button-bottom twbb_cta-tablet-position-button-bottom twbb_cta-mobile-position-button-bottom elementor-invisible elementor-widget elementor-widget-twbb_call-to-action\" data-id=\"616cbb2\" data-element_type=\"widget\" data-settings=\"{&quot;_animation&quot;:&quot;fadeInUp&quot;}\" data-widget_type=\"twbb_call-to-action.default\">\n\t\t\t\t<div class=\"elementor-widget-container\">\n\t\t\t\t\t    <div  class=\"twbb_cta-wrapper\">\n      <div class=\"twbb_cta-content-wrapper\">\n    <div class=\"twbb_cta-content-inner\">\n                <h1 class=\"twbb_cta-title\">Revolutionieren Sie Ihre Salzgewohnheiten<\/h1>\n                    <div class=\"twbb_cta-description\">Probieren Sie Fl\u00fcssigsalz in Ihren Lieblingsrezepten und entdecken Sie die Freude an einem natriumarmen und dennoch geschmackvollen Gew\u00fcrz.<\/div>\n              <\/div>\n    <div class=\"twbb_cta-button-wrapper\">\n        <div class=\"twbb_cta-buttons\">\n              <div class=\"twbb_cta-button-item twbb_cta-button-item__one twbb_cta-button-enable-yes\">\n          <a href=\"https:\/\/liquid-salt.com\/de\/prodotti\/\" class=\"elementor-button twbb_cta-button elementor-size- twbb_cta-button__one\"            >Jetzt kaufen<\/a>\n        <\/div>\n                        <\/div>\n    <\/div>\n  <\/div>\n        <\/div>\n\t\t\t\t<\/div>\n\t\t\t\t<\/div>\n\t\t\t\t\t<\/div>\n\t\t\t\t<\/div>\n\t\t\t\t<\/div>","protected":false},"excerpt":{"rendered":"<p>La Storia Il progetto del Sale Liquido nasce nel 2018 da un\u2019intuizione tanto semplice quanto rivoluzionaria: creare un sale innovativo e salutare, capace di ridurre l\u2019eccesso di sodio in cucina senza compromettere il gusto.Paolo, \u00e8 un ex imprenditore con una grande visione vista inizialmente come folle da tutti, \u00e8 quella di ridare vita ad un [&hellip;]<\/p>","protected":false},"author":2,"featured_media":0,"parent":0,"menu_order":0,"comment_status":"closed","ping_status":"closed","template":"","meta":{"two_page_speed":[],"footnotes":""},"class_list":["post-270","page","type-page","status-publish","hentry"],"_links":{"self":[{"href":"https:\/\/liquid-salt.com\/de\/wp-json\/wp\/v2\/pages\/270","targetHints":{"allow":["GET"]}}],"collection":[{"href":"https:\/\/liquid-salt.com\/de\/wp-json\/wp\/v2\/pages"}],"about":[{"href":"https:\/\/liquid-salt.com\/de\/wp-json\/wp\/v2\/types\/page"}],"author":[{"embeddable":true,"href":"https:\/\/liquid-salt.com\/de\/wp-json\/wp\/v2\/users\/2"}],"replies":[{"embeddable":true,"href":"https:\/\/liquid-salt.com\/de\/wp-json\/wp\/v2\/comments?post=270"}],"version-history":[{"count":0,"href":"https:\/\/liquid-salt.com\/de\/wp-json\/wp\/v2\/pages\/270\/revisions"}],"wp:attachment":[{"href":"https:\/\/liquid-salt.com\/de\/wp-json\/wp\/v2\/media?parent=270"}],"curies":[{"name":"wp","href":"https:\/\/api.w.org\/{rel}","templated":true}]}}