{"id":114,"date":"2025-02-16T14:28:56","date_gmt":"2025-02-16T14:28:56","guid":{"rendered":"https:\/\/liquid-salt.com\/privacy-policy\/"},"modified":"2025-05-20T08:09:04","modified_gmt":"2025-05-20T07:09:04","slug":"privacy-policy","status":"publish","type":"page","link":"https:\/\/liquid-salt.com\/de\/privacy-policy\/","title":{"rendered":"Datenschutzrichtlinie"},"content":{"rendered":"<div data-elementor-type=\"wp-page\" data-elementor-id=\"114\" class=\"elementor elementor-114\">\n\t\t\t\t<div class=\"elementor-element elementor-element-nm1mnetq twbb_section e-flex e-con-boxed e-con e-parent\" data-id=\"nm1mnetq\" data-element_type=\"container\">\n\t\t\t\t\t<div class=\"e-con-inner\">\n\t\t\t\t<div class=\"elementor-element elementor-element-jmyvpvsc elementor-widget__width-initial elementor-widget-mobile__width-inherit elementor-widget-tablet__width-initial elementor-invisible elementor-widget elementor-widget-heading\" data-id=\"jmyvpvsc\" data-element_type=\"widget\" data-settings=\"{&quot;_animation&quot;:&quot;fadeInUp&quot;}\" data-widget_type=\"heading.default\">\n\t\t\t\t<div class=\"elementor-widget-container\">\n\t\t\t\t\t<h1 class=\"elementor-heading-title elementor-size-default\">Datenschutzrichtlinie<\/h1>\t\t\t\t<\/div>\n\t\t\t\t<\/div>\n\t\t\t\t\t<\/div>\n\t\t\t\t<\/div>\n\t\t<div class=\"elementor-element elementor-element-stmqa1gz twbb_section e-flex e-con-boxed e-con e-parent\" data-id=\"stmqa1gz\" data-element_type=\"container\">\n\t\t\t\t\t<div class=\"e-con-inner\">\n\t\t\t\t<div class=\"elementor-element elementor-element-ak3rn1c5 elementor-widget__width-initial elementor-widget-mobile__width-inherit elementor-widget-tablet__width-initial elementor-invisible elementor-widget elementor-widget-text-editor\" data-id=\"ak3rn1c5\" data-element_type=\"widget\" data-settings=\"{&quot;_animation&quot;:&quot;fadeInUp&quot;}\" data-widget_type=\"text-editor.default\">\n\t\t\t\t<div class=\"elementor-widget-container\">\n\t\t\t\t\t\t\t\t\t<p data-pm-slice=\"1 1 []\"><strong>1. Verantwortlicher<\/strong><br \/>Fl\u00fcssiges Salz<br \/>UID: CHE-416.565.592<br \/>Murtenstrasse 14, 3177 Laupen, Bern, Schweiz<br \/>E-Mail-Adresse des Datenschutzkontakts: <a>info@liquid-salt.com<\/a><\/p><p><strong>2. Erhobene personenbezogene Daten<\/strong><br \/>Wenn Sie unsere Seite besuchen, eine Bestellung aufgeben oder mit uns in Kontakt treten, erheben wir folgende Daten:<\/p><ul data-spread=\"false\"><li><p>Vor- und Nachname<\/p><\/li><li><p>E-Mail-Adresse<\/p><\/li><li><p>Telefonnummer<\/p><\/li><li><p>Versandadresse<\/p><\/li><li><p>Zahlungsdetails (\u00fcber Stripe oder PayPal)<\/p><\/li><li><p>Navigationsdaten (\u00fcber Cookies und Analysetools)<\/p><\/li><\/ul><p><strong>3. Zweck der Verarbeitung<\/strong><br \/>Wir verarbeiten Daten f\u00fcr:<\/p><ul data-spread=\"false\"><li><p>Auftrags- und Versandmanagement<\/p><\/li><li><p>Auftragsbezogene Kommunikation<\/p><\/li><li><p>Kundendienst<\/p><\/li><li><p>Erf\u00fcllung rechtlicher und steuerlicher Pflichten<\/p><\/li><li><p>Versand von Newslettern und Werbeangeboten, vorbehaltlich der Einwilligung<\/p><\/li><li><p>Statistische Analyse und Verbesserung der Dienste (Google Analytics, Meta Pixel)<\/p><\/li><\/ul><p><strong>4. Rechtsgrundlagen<\/strong><br \/>Die Rechtsgrundlage f\u00fcr die Datenverarbeitung ist:<\/p><ul data-spread=\"false\"><li><p>Vertragliche Anforderungen<\/p><\/li><li><p>Rechtliche Verpflichtungen<\/p><\/li><li><p>Berechtigtes Interesse des Eigent\u00fcmers<\/p><\/li><li><p>Ausdr\u00fcckliche Zustimmung zu Marketingkommunikation<\/p><\/li><\/ul><p><strong>5. Datenweitergabe<\/strong><br \/>Wir geben Daten nur weiter an:<\/p><ul data-spread=\"false\"><li><p>Stripe und PayPal f\u00fcr das Zahlungsmanagement<\/p><\/li><li><p>Google und Meta f\u00fcr Analytics und Marketing<\/p><\/li><\/ul><p><strong>6. Datenweitergabe<\/strong><br \/>Eine \u00dcbermittlung der Daten ausserhalb der Schweiz und der EU findet nicht statt. Sollte dies in Zukunft dennoch vorkommen, werden entsprechende Schutzma\u00dfnahmen (z. B. Standardvertragsklauseln) implementiert.<\/p><p><strong>7. Datenspeicherung<\/strong><br \/>Wir speichern Daten:<\/p><ul data-spread=\"false\"><li><p>F\u00fcr buchhalterische und steuerliche Zwecke: mindestens 10 Jahre<\/p><\/li><li><p>F\u00fcr Marketingzwecke: bis auf Widerruf<\/p><\/li><li><p>F\u00fcr Kundenservicezwecke: 12 Monate nach der letzten Interaktion<\/p><\/li><\/ul><p><strong>8. Rechte der betroffenen Person<\/strong><br \/>Sie k\u00f6nnen Folgendes anfordern:<\/p><ul data-spread=\"false\"><li><p>Zugriff auf, \u00c4nderung oder L\u00f6schung Ihrer Daten<\/p><\/li><li><p>Einschr\u00e4nkung der Verarbeitung<\/p><\/li><li><p>Datenportabilit\u00e4t<\/p><\/li><li><p>Widerspruch oder Widerruf der Einwilligung<\/p><\/li><\/ul><p><strong>9. So \u00fcben Sie Ihre Rechte aus<\/strong><br \/>Schreiben Sie uns an <a>info@liquid-salt.com<\/a> mit dem Betreff \u201eDatenschutz\u201c. Wir werden innerhalb von 30 Tagen antworten.<\/p><p><strong>10. \u00c4nderungen dieser Richtlinie<\/strong><br \/>Wir behalten uns das Recht vor, diese Richtlinie zu \u00e4ndern. \u00c4nderungen werden auf dieser Site ver\u00f6ffentlicht.<\/p>\t\t\t\t\t\t\t\t<\/div>\n\t\t\t\t<\/div>\n\t\t\t\t\t<\/div>\n\t\t\t\t<\/div>\n\t\t\t\t<\/div>","protected":false},"excerpt":{"rendered":"<p>Privacy Policy 1. Titolare del trattamentoLiquid SaltUID: CHE-416.565.592Murtenstrasse 14, 3177 Laupen, Bern, SwitzerlandEmail di contatto per la privacy: info@liquid-salt.com 2. Dati personali raccoltiQuando visiti il nostro sito, effettui un ordine o ci contatti, raccogliamo i seguenti dati: Nome e cognome Indirizzo email Numero di telefono Indirizzo di spedizione Dati di pagamento (tramite Stripe o PayPal) [&hellip;]<\/p>","protected":false},"author":0,"featured_media":0,"parent":0,"menu_order":0,"comment_status":"closed","ping_status":"publish","template":"","meta":{"two_page_speed":[],"footnotes":""},"class_list":["post-114","page","type-page","status-publish","hentry"],"_links":{"self":[{"href":"https:\/\/liquid-salt.com\/de\/wp-json\/wp\/v2\/pages\/114","targetHints":{"allow":["GET"]}}],"collection":[{"href":"https:\/\/liquid-salt.com\/de\/wp-json\/wp\/v2\/pages"}],"about":[{"href":"https:\/\/liquid-salt.com\/de\/wp-json\/wp\/v2\/types\/page"}],"replies":[{"embeddable":true,"href":"https:\/\/liquid-salt.com\/de\/wp-json\/wp\/v2\/comments?post=114"}],"version-history":[{"count":0,"href":"https:\/\/liquid-salt.com\/de\/wp-json\/wp\/v2\/pages\/114\/revisions"}],"wp:attachment":[{"href":"https:\/\/liquid-salt.com\/de\/wp-json\/wp\/v2\/media?parent=114"}],"curies":[{"name":"wp","href":"https:\/\/api.w.org\/{rel}","templated":true}]}}